{"id":8226,"date":"2022-04-11T10:49:44","date_gmt":"2022-04-11T07:49:44","guid":{"rendered":"www.dostumyem.com.tr?page_id=8226"},"modified":"2022-04-11T11:34:58","modified_gmt":"2022-04-11T08:34:58","slug":"kisisel-verilerin-korunmasi","status":"publish","type":"page","link":"https:\/\/dostumyemeski.birikiuc.net\/?page_id=8226","title":{"rendered":"Ki\u015fisel Verilerin Korunmas\u0131"},"content":{"rendered":"<section class=\"l-section wpb_row height_small color_primary parallax_hor bgwidth_120\"><div class=\"l-section-overlay\" style=\"background:rgba(2,2,2,0.67)\"><\/div><div class=\"l-section-h i-cf\"><div class=\"g-cols vc_row via_grid cols_1 laptops-cols_inherit tablets-cols_inherit mobiles-cols_1 valign_top type_default\"><div class=\"wpb_column vc_column_container\"><div class=\"vc_column-inner\"><div class=\"wpb_text_column\"><div class=\"wpb_wrapper\"><h1 style=\"text-align: center;\">K\u0130\u015e\u0130SEL VER\u0130LER\u0130N KORUNMASI<\/h1>\n<\/div><\/div><div class=\"w-separator size_small\"><\/div><div class=\"w-iconbox iconpos_top style_default color_custom align_center no_title no_text\"><a href=\"#intro\" class=\"w-iconbox-link\" aria-label=\"far|chevron-down\"><div class=\"w-iconbox-icon\" style=\"font-size:3rem;color:#ffffff;\"><i class=\"far fa-chevron-down\"><\/i><\/div><\/a><div class=\"w-iconbox-meta\"><\/div><\/div><div class=\"w-separator size_medium\"><\/div><\/div><\/div><\/div><\/div><\/section><!-- Row Backgrounds --><div class=\"upb_color\" data-bg-override=\"0\" data-bg-color=\"#1e73be\" data-fadeout=\"\" data-fadeout-percentage=\"30\" data-parallax-content=\"\" data-parallax-content-sense=\"30\" data-row-effect-mobile-disable=\"true\" data-img-parallax-mobile-disable=\"true\" data-rtl=\"false\"  data-custom-vc-row=\"\"  data-vc=\"6.7.0\"  data-is_old_vc=\"\"  data-theme-support=\"\"   data-overlay=\"false\" data-overlay-color=\"\" data-overlay-pattern=\"\" data-overlay-pattern-opacity=\"\" data-overlay-pattern-size=\"\"    ><\/div><section class=\"l-section wpb_row height_small color_alternate\" id=\"intro\"><div class=\"l-section-h i-cf\"><div class=\"g-cols vc_row via_grid cols_1 laptops-cols_inherit tablets-cols_inherit mobiles-cols_1 valign_top type_default\"><div class=\"wpb_column vc_column_container\"><div class=\"vc_column-inner\"><div class=\"g-cols wpb_row via_grid cols_3 laptops-cols_inherit tablets-cols_inherit mobiles-cols_1 valign_top type_default\"><div class=\"wpb_column vc_column_container\"><div class=\"vc_column-inner\"><div class=\"w-image align_none\"><div class=\"w-image-h\"><img loading=\"lazy\" decoding=\"async\" width=\"675\" height=\"405\" src=\"https:\/\/dostumyemeski.birikiuc.net\/wp-content\/uploads\/2022\/04\/kisiselveri2-675x405-1.png\" class=\"attachment-large size-large\" alt=\"\" srcset=\"https:\/\/dostumyemeski.birikiuc.net\/wp-content\/uploads\/2022\/04\/kisiselveri2-675x405-1.png 675w, https:\/\/dostumyemeski.birikiuc.net\/wp-content\/uploads\/2022\/04\/kisiselveri2-675x405-1-300x180.png 300w\" sizes=\"auto, (max-width: 675px) 100vw, 675px\" \/><\/div><\/div><\/div><\/div><div class=\"wpb_column vc_column_container\"><div class=\"vc_column-inner\"><div class=\"wpb_text_column\"><div class=\"wpb_wrapper\"><p><strong><em><a href=\"http:\/\/dostumyem.com\/wp-content\/uploads\/2020\/09\/balikesir_yem_san_as_kvkk_politikasi.pdf\">Bal\u0131kesir Yem San Tic. A.\u015e. Kvkk Politikas\u0131<\/a><\/em><\/strong><\/p>\n<\/div><\/div><div class=\"wpb_text_column\"><div class=\"wpb_wrapper\"><p><strong><em><a href=\"http:\/\/dostumyem.com\/wp-content\/uploads\/2020\/09\/bilgiedinme_basvuru_formu.pdf\">Bilgilendirme Ba\u015fvuru Formu<\/a><\/em><\/strong><\/p>\n<\/div><\/div><div class=\"wpb_text_column\"><div class=\"wpb_wrapper\"><p><strong><em><a href=\"http:\/\/dostumyem.com\/wp-content\/uploads\/2020\/09\/musteri_aydinlatma.pdf\">M\u00fc\u015fteri Ayd\u0131nlatma Metni<\/a><\/em><\/strong><\/p>\n<\/div><\/div><div class=\"wpb_text_column\"><div class=\"wpb_wrapper\"><p><strong><em><a href=\"http:\/\/dostumyem.com\/wp-content\/uploads\/2020\/09\/tedarikci_aydinlatma.pdf\">Tedarik\u00e7i Ayd\u0131nlatma Metni<\/a><\/em><\/strong><\/p>\n<\/div><\/div><\/div><\/div><div class=\"wpb_column vc_column_container\"><div class=\"vc_column-inner\"><div class=\"wpb_text_column\"><div class=\"wpb_wrapper\"><p><strong><em><a href=\"http:\/\/dostumyem.com\/kvkk_imha_politikasi\/\">Kvkk \u0130mha Politikas\u0131<\/a><\/em><\/strong><\/p>\n<\/div><\/div><div class=\"wpb_text_column\"><div class=\"wpb_wrapper\"><p><strong><em><a href=\"http:\/\/dostumyem.com\/wp-content\/uploads\/2020\/09\/calisan_adayi-aydinlatma.pdf\">\u00c7al\u0131\u015fan Aday\u0131 Ayd\u0131nlatma Metni<\/a><\/em><\/strong><\/p>\n<\/div><\/div><div class=\"wpb_text_column\"><div class=\"wpb_wrapper\"><p><strong><em><a href=\"http:\/\/dostumyem.com\/wp-content\/uploads\/2020\/09\/calisan_aydinlatma.pdf\">\u00c7al\u0131\u015fan Ayd\u0131nlatma Metni<\/a><\/em><\/strong><\/p>\n<\/div><\/div><\/div><\/div><\/div><\/div><\/div><\/div><\/div><\/section><!-- Row Backgrounds --><div class=\"upb_color\" data-bg-override=\"0\" data-bg-color=\"#ffffff\" data-fadeout=\"\" data-fadeout-percentage=\"30\" data-parallax-content=\"\" data-parallax-content-sense=\"30\" data-row-effect-mobile-disable=\"true\" data-img-parallax-mobile-disable=\"true\" data-rtl=\"false\"  data-custom-vc-row=\"\"  data-vc=\"6.7.0\"  data-is_old_vc=\"\"  data-theme-support=\"\"   data-overlay=\"false\" data-overlay-color=\"\" data-overlay-pattern=\"\" data-overlay-pattern-opacity=\"\" data-overlay-pattern-size=\"\"    ><\/div>\n","protected":false},"excerpt":{"rendered":"K\u0130\u015e\u0130SEL VER\u0130LER\u0130N KORUNMASI Bal\u0131kesir Yem San Tic. A.\u015e. Kvkk Politikas\u0131 Bilgilendirme Ba\u015fvuru Formu M\u00fc\u015fteri Ayd\u0131nlatma Metni Tedarik\u00e7i Ayd\u0131nlatma Metni Kvkk \u0130mha Politikas\u0131 \u00c7al\u0131\u015fan Aday\u0131 Ayd\u0131nlatma Metni \u00c7al\u0131\u015fan Ayd\u0131nlatma Metni","protected":false},"author":1,"featured_media":0,"parent":0,"menu_order":0,"comment_status":"closed","ping_status":"closed","template":"","meta":{"footnotes":""},"class_list":["post-8226","page","type-page","status-publish","hentry"],"_links":{"self":[{"href":"https:\/\/dostumyemeski.birikiuc.net\/index.php?rest_route=\/wp\/v2\/pages\/8226","targetHints":{"allow":["GET"]}}],"collection":[{"href":"https:\/\/dostumyemeski.birikiuc.net\/index.php?rest_route=\/wp\/v2\/pages"}],"about":[{"href":"https:\/\/dostumyemeski.birikiuc.net\/index.php?rest_route=\/wp\/v2\/types\/page"}],"author":[{"embeddable":true,"href":"https:\/\/dostumyemeski.birikiuc.net\/index.php?rest_route=\/wp\/v2\/users\/1"}],"replies":[{"embeddable":true,"href":"https:\/\/dostumyemeski.birikiuc.net\/index.php?rest_route=%2Fwp%2Fv2%2Fcomments&post=8226"}],"version-history":[{"count":15,"href":"https:\/\/dostumyemeski.birikiuc.net\/index.php?rest_route=\/wp\/v2\/pages\/8226\/revisions"}],"predecessor-version":[{"id":8306,"href":"https:\/\/dostumyemeski.birikiuc.net\/index.php?rest_route=\/wp\/v2\/pages\/8226\/revisions\/8306"}],"wp:attachment":[{"href":"https:\/\/dostumyemeski.birikiuc.net\/index.php?rest_route=%2Fwp%2Fv2%2Fmedia&parent=8226"}],"curies":[{"name":"wp","href":"https:\/\/api.w.org\/{rel}","templated":true}]}}