{"id":8185,"date":"2022-04-08T14:02:45","date_gmt":"2022-04-08T11:02:45","guid":{"rendered":"http:\/\/www.dostumyem.com.tr?page_id=8185"},"modified":"2022-06-15T11:04:23","modified_gmt":"2022-06-15T08:04:23","slug":"kanatli-yemleri","status":"publish","type":"page","link":"https:\/\/dostumyemeski.birikiuc.net\/?page_id=8185","title":{"rendered":"Kanatl\u0131 Yemleri"},"content":{"rendered":"<section class=\"l-section wpb_row height_small color_primary with_img parallax_hor bgwidth_120\"><div class=\"l-section-img\" style=\"background-image: url(https:\/\/dostumyemeski.birikiuc.net\/wp-content\/uploads\/2022\/04\/civciv.jpg);\" data-img-width=\"2047\" data-img-height=\"1607\"><\/div><div class=\"l-section-overlay\" style=\"background:rgba(2,2,2,0.67)\"><\/div><div class=\"l-section-h i-cf\"><div class=\"g-cols vc_row via_grid cols_1 laptops-cols_inherit tablets-cols_inherit mobiles-cols_1 valign_top type_default\"><div class=\"wpb_column vc_column_container\"><div class=\"vc_column-inner\"><div class=\"wpb_text_column\"><div class=\"wpb_wrapper\"><h1 style=\"text-align: center;\">KANATLI YEMLER\u0130<\/h1>\n<\/div><\/div><div class=\"w-separator size_small\"><\/div><div class=\"w-iconbox iconpos_top style_default color_custom align_center no_title no_text\"><a href=\"#intro\" class=\"w-iconbox-link\" aria-label=\"far|chevron-down\"><div class=\"w-iconbox-icon\" style=\"font-size:3rem;color:#ffffff;\"><i class=\"far fa-chevron-down\"><\/i><\/div><\/a><div class=\"w-iconbox-meta\"><\/div><\/div><div class=\"w-separator size_medium\"><\/div><\/div><\/div><\/div><\/div><\/section><section class=\"l-section wpb_row height_small\"><div class=\"l-section-h i-cf\"><div class=\"g-cols vc_row via_grid cols_1 laptops-cols_inherit tablets-cols_inherit mobiles-cols_1 valign_top type_default\"><div class=\"wpb_column vc_column_container\"><div class=\"vc_column-inner\"><div class=\"w-tabs style_default switch_click accordion has_scrolling\" style=\"--sections-title-size:16\"><div class=\"w-tabs-sections titles-align_none icon_chevron cpos_right\"><div class=\"w-tabs-section has_text_color\" id=\"m7db\"><button aria-controls=\"content-m7db\" class=\"w-tabs-section-header\"><h2 class=\"w-tabs-section-title\">Etlik Civciv Yemi<\/h2><div class=\"w-tabs-section-control\"><\/div><\/button><div  class=\"w-tabs-section-content us_custom_ca37a09d\" id=\"content-m7db\" aria-expanded=\"false\"><div class=\"w-tabs-section-content-h i-cf\"><div class=\"g-cols wpb_row via_grid cols_2 laptops-cols_inherit tablets-cols_inherit mobiles-cols_1 valign_top type_default\"><div class=\"wpb_column vc_column_container\"><div class=\"vc_column-inner\"><div class=\"w-image align_left\"><div class=\"w-image-h\"><img loading=\"lazy\" decoding=\"async\" width=\"252\" height=\"300\" src=\"https:\/\/dostumyemeski.birikiuc.net\/wp-content\/uploads\/2022\/06\/etlik_civciv-new-252x300.png\" class=\"attachment-medium size-medium\" alt=\"\" srcset=\"https:\/\/dostumyemeski.birikiuc.net\/wp-content\/uploads\/2022\/06\/etlik_civciv-new-252x300.png 252w, https:\/\/dostumyemeski.birikiuc.net\/wp-content\/uploads\/2022\/06\/etlik_civciv-new.png 412w\" sizes=\"auto, (max-width: 252px) 100vw, 252px\" \/><\/div><\/div><\/div><\/div><div class=\"wpb_column vc_column_container\"><div class=\"vc_column-inner\"><div class=\"wpb_text_column\"><div class=\"wpb_wrapper\"><div class=\"wpb_text_column \">\n<div class=\"wpb_wrapper\">\n<p><strong>\u00d6NEML\u0130 B\u0130LG\u0130LER<\/strong><\/p>\n<p>Etlik Civcivlerin 0(s\u0131f\u0131r) \u0131nc\u0131 g\u00fcnden 21.g\u00fcne kadar ki beslenmelerinde kullan\u0131labilecek yemlerdir.<\/p>\n<\/div>\n<\/div>\n<div class=\"wpb_text_column \">\n<div class=\"wpb_wrapper\">\n<p class=\"p1\"><strong>NEDEN\u00a0ETL\u0130K C\u0130VC\u0130V YEM\u0130 ?<\/strong><\/p>\n<p>Etlik Civcivlerin 0(s\u0131f\u0131r) \u0131nc\u0131 g\u00fcnden 21.g\u00fcne kadar ki beslenmelerinde kullan\u0131labilecek yemlerdir.<\/p>\n<p>Dostum Yem Etlik Civciv Yemi, bu d\u00f6nemdeki civcivlerin enerji ve besin maddesi ihtiya\u00e7lar\u0131n\u0131 tam olarak kar\u015f\u0131layacak \u015fekilde form\u00fcle edilmi\u015ftir. \u0130lave olarak herhangi bir besin maddesine veya yem katk\u0131s\u0131na ihtiya\u00e7 duyulmamaktad\u0131r.<\/p>\n<\/div>\n<\/div>\n<\/div><\/div><\/div><\/div><\/div><\/div><\/div><\/div><div class=\"w-tabs-section has_text_color\" id=\"z939\"><button aria-controls=\"content-z939\" class=\"w-tabs-section-header\"><h2 class=\"w-tabs-section-title\">Etlik Pili\u00e7 Yemi<\/h2><div class=\"w-tabs-section-control\"><\/div><\/button><div  class=\"w-tabs-section-content us_custom_ca37a09d\" id=\"content-z939\" aria-expanded=\"false\"><div class=\"w-tabs-section-content-h i-cf\"><div class=\"g-cols wpb_row via_grid cols_2 laptops-cols_inherit tablets-cols_inherit mobiles-cols_1 valign_top type_default\"><div class=\"wpb_column vc_column_container\"><div class=\"vc_column-inner\"><div class=\"w-image align_left\"><div class=\"w-image-h\"><img loading=\"lazy\" decoding=\"async\" width=\"252\" height=\"300\" src=\"https:\/\/dostumyemeski.birikiuc.net\/wp-content\/uploads\/2022\/06\/etlik_pilic-2-new-252x300.png\" class=\"attachment-medium size-medium\" alt=\"\" srcset=\"https:\/\/dostumyemeski.birikiuc.net\/wp-content\/uploads\/2022\/06\/etlik_pilic-2-new-252x300.png 252w, https:\/\/dostumyemeski.birikiuc.net\/wp-content\/uploads\/2022\/06\/etlik_pilic-2-new.png 412w\" sizes=\"auto, (max-width: 252px) 100vw, 252px\" \/><\/div><\/div><\/div><\/div><div class=\"wpb_column vc_column_container\"><div class=\"vc_column-inner\"><div class=\"wpb_text_column\"><div class=\"wpb_wrapper\"><div class=\"wpb_text_column \">\n<div class=\"wpb_wrapper\">\n<div class=\"wpb_text_column \">\n<div class=\"wpb_wrapper\">\n<div class=\"wpb_text_column \">\n<div class=\"wpb_wrapper\">\n<p class=\"p1\"><strong>\u00d6NEML\u0130 B\u0130LG\u0130LER<\/strong><\/p>\n<p>Etlik Pili\u00e7lerin 21 g\u00fcnl\u00fck ya\u015ftan kesime kadar olan beslenmesinde kullan\u0131labilecek bir yemdir.<\/p>\n<\/div>\n<\/div>\n<div class=\"wpb_text_column \">\n<div class=\"wpb_wrapper\">\n<p class=\"p1\"><strong>NEDEN ETL\u0130K P\u0130L\u0130\u00c7 YEM\u0130 ?<\/strong><\/p>\n<p>Etlik Pili\u00e7lerin 21 g\u00fcnl\u00fck ya\u015ftan kesime kadar olan beslenmesinde kullan\u0131labilecek bir yemdir.<\/p>\n<p>Dostum Yem Etlik Pili\u00e7 Yemi, bu d\u00f6nemdeki pili\u00e7lerin enerji ve besin maddesi ihtiya\u00e7lar\u0131n\u0131 tam olarak kar\u015f\u0131layacak \u015fekilde form\u00fcle edilmi\u015ftir. \u0130lave olarak herhangi bir besin maddesine veya yem katk\u0131s\u0131na ihtiya\u00e7 duyulmamaktad\u0131r.<\/p>\n<\/div>\n<\/div>\n<\/div>\n<\/div>\n<\/div>\n<\/div>\n<\/div><\/div><\/div><\/div><\/div><\/div><\/div><\/div><div class=\"w-tabs-section has_text_color\" id=\"ice4\"><button aria-controls=\"content-ice4\" class=\"w-tabs-section-header\"><h2 class=\"w-tabs-section-title\">Yumurta Civciv Yemi<\/h2><div class=\"w-tabs-section-control\"><\/div><\/button><div  class=\"w-tabs-section-content us_custom_ca37a09d\" id=\"content-ice4\" aria-expanded=\"false\"><div class=\"w-tabs-section-content-h i-cf\"><div class=\"g-cols wpb_row via_grid cols_2 laptops-cols_inherit tablets-cols_inherit mobiles-cols_1 valign_top type_default\"><div class=\"wpb_column vc_column_container\"><div class=\"vc_column-inner\"><div class=\"w-image align_left\"><div class=\"w-image-h\"><img loading=\"lazy\" decoding=\"async\" width=\"252\" height=\"300\" src=\"https:\/\/dostumyemeski.birikiuc.net\/wp-content\/uploads\/2022\/04\/yumurta-civciv-252x300.png\" class=\"attachment-medium size-medium\" alt=\"\" srcset=\"https:\/\/dostumyemeski.birikiuc.net\/wp-content\/uploads\/2022\/04\/yumurta-civciv-252x300.png 252w, https:\/\/dostumyemeski.birikiuc.net\/wp-content\/uploads\/2022\/04\/yumurta-civciv.png 412w\" sizes=\"auto, (max-width: 252px) 100vw, 252px\" \/><\/div><\/div><\/div><\/div><div class=\"wpb_column vc_column_container\"><div class=\"vc_column-inner\"><div class=\"wpb_text_column\"><div class=\"wpb_wrapper\"><div class=\"wpb_text_column \">\n<div class=\"wpb_wrapper\">\n<div class=\"wpb_text_column \">\n<div class=\"wpb_wrapper\">\n<div class=\"wpb_text_column \">\n<div class=\"wpb_wrapper\">\n<p class=\"p1\"><strong>\u00d6NEML\u0130 B\u0130LG\u0130LER<\/strong><\/p>\n<p>Yumurtac\u0131 civcivlerin yumurtalar\u0131n \u00e7\u0131k\u0131\u015f\u0131ndan 8.haftaya kadar olan beslenmesinde kullan\u0131l\u0131r.<\/p>\n<p class=\"p1\"><strong>NEDEN YUMURTA C\u0130VC\u0130V \u00a0YEM\u0130 ?<\/strong><\/p>\n<p>Yumurtac\u0131 civcivlerin yumurtalar\u0131n \u00e7\u0131k\u0131\u015f\u0131ndan 8.haftaya kadar olan beslenmesinde kullan\u0131l\u0131r.<\/p>\n<p>Dostum Yem Yumurta Yemi, yumurtac\u0131 civcivlerin enerji ve besin ihtiyac\u0131n\u0131 tam olarak kar\u015f\u0131layacak \u015fekilde form\u00fcle edilmi\u015ftir. \u0130lave olarak herhangi bir yem hammaddesine veya yem katk\u0131s\u0131na ihtiya\u00e7 duyulmamaktad\u0131r.<\/p>\n<\/div>\n<\/div>\n<\/div>\n<\/div>\n<\/div>\n<\/div>\n<\/div><\/div><\/div><\/div><\/div><\/div><\/div><\/div><div class=\"w-tabs-section has_text_color\" id=\"e9f6\"><button aria-controls=\"content-e9f6\" class=\"w-tabs-section-header\"><h2 class=\"w-tabs-section-title\">Yumurta Pili\u00e7 Yemi<\/h2><div class=\"w-tabs-section-control\"><\/div><\/button><div  class=\"w-tabs-section-content us_custom_ca37a09d\" id=\"content-e9f6\" aria-expanded=\"false\"><div class=\"w-tabs-section-content-h i-cf\"><div class=\"g-cols wpb_row via_grid cols_2 laptops-cols_inherit tablets-cols_inherit mobiles-cols_1 valign_top type_default\"><div class=\"wpb_column vc_column_container\"><div class=\"vc_column-inner\"><div class=\"w-image align_left\"><div class=\"w-image-h\"><img loading=\"lazy\" decoding=\"async\" width=\"252\" height=\"300\" src=\"https:\/\/dostumyemeski.birikiuc.net\/wp-content\/uploads\/2022\/04\/yumurta-civciv-252x300.png\" class=\"attachment-medium size-medium\" alt=\"\" srcset=\"https:\/\/dostumyemeski.birikiuc.net\/wp-content\/uploads\/2022\/04\/yumurta-civciv-252x300.png 252w, https:\/\/dostumyemeski.birikiuc.net\/wp-content\/uploads\/2022\/04\/yumurta-civciv.png 412w\" sizes=\"auto, (max-width: 252px) 100vw, 252px\" \/><\/div><\/div><\/div><\/div><div class=\"wpb_column vc_column_container\"><div class=\"vc_column-inner\"><div class=\"wpb_text_column\"><div class=\"wpb_wrapper\"><div class=\"wpb_text_column \">\n<div class=\"wpb_wrapper\">\n<p class=\"p1\"><strong>\u00d6NEML\u0130 B\u0130LG\u0130LER<\/strong><\/p>\n<p>Yumurtac\u0131 pili\u00e7lerin 8.haftadan yumurtlamas\u0131na kadar olan d\u00f6nemdeki beslenmesinde kullan\u0131l\u0131r.<\/p>\n<\/div>\n<\/div>\n<div class=\"wpb_text_column \">\n<div class=\"wpb_wrapper\">\n<p class=\"p1\"><strong>NEDEN YUMURTA P\u0130L\u0130\u00c7 YEM\u0130 ?<\/strong><\/p>\n<p>Yumurtac\u0131 pili\u00e7lerin 8.haftadan yumurtlamas\u0131na kadar olan d\u00f6nemdeki beslenmesinde kullan\u0131l\u0131r.<\/p>\n<p>Dostum Yem Yumurtac\u0131 Pili\u00e7 Yemi, yumurtac\u0131 pili\u00e7lerin enerji ve besin ihtiyac\u0131n\u0131 tam olarak kar\u015f\u0131layacak \u015fekilde form\u00fcle edilmi\u015ftir. \u0130lave olarak herhangi bir yem hammaddesine veya yem katk\u0131s\u0131na ihtiya\u00e7 duyulmamaktad\u0131r.<\/p>\n<\/div>\n<\/div>\n<\/div><\/div><div class=\"wpb_text_column\"><div class=\"wpb_wrapper\"><\/div><\/div><\/div><\/div><\/div><\/div><\/div><\/div><div class=\"w-tabs-section has_text_color has_text_color\" id=\"u0a6\" style=\"color:var(--color-header-middle-text);\"><button aria-controls=\"content-u0a6\" class=\"w-tabs-section-header\"><h2 class=\"w-tabs-section-title\">K\u00f6yl\u00fc Dostum<\/h2><div class=\"w-tabs-section-control\"><\/div><\/button><div  class=\"w-tabs-section-content us_custom_41515241\" id=\"content-u0a6\" aria-expanded=\"false\"><div class=\"w-tabs-section-content-h i-cf\"><div class=\"g-cols wpb_row via_grid cols_3 laptops-cols_inherit tablets-cols_inherit mobiles-cols_1 valign_top type_default\"><div class=\"wpb_column vc_column_container\"><div class=\"vc_column-inner\"><div class=\"w-image align_left\"><div class=\"w-image-h\"><img loading=\"lazy\" decoding=\"async\" width=\"252\" height=\"300\" src=\"https:\/\/dostumyemeski.birikiuc.net\/wp-content\/uploads\/2022\/04\/koylu_dostum-252x300.png\" class=\"attachment-medium size-medium\" alt=\"\" srcset=\"https:\/\/dostumyemeski.birikiuc.net\/wp-content\/uploads\/2022\/04\/koylu_dostum-252x300.png 252w, https:\/\/dostumyemeski.birikiuc.net\/wp-content\/uploads\/2022\/04\/koylu_dostum.png 412w\" sizes=\"auto, (max-width: 252px) 100vw, 252px\" \/><\/div><\/div><\/div><\/div><div class=\"wpb_column vc_column_container\"><div class=\"vc_column-inner\"><div class=\"wpb_text_column\"><div class=\"wpb_wrapper\"><p><strong>Gezen Tavuk Yemi<\/strong><\/p>\n<p style=\"text-align: left;\">Gezen tavuklar\u0131n 19 haftal\u0131k ya\u015ftan itibaren yumurta d\u00f6nemi sonuna kadar ihtiya\u00e7 duydu\u011fu besin maddelerini yeterli ve dengeli olarak sa\u011flayan \u00f6zel bir yemdir.<\/p>\n<\/div><\/div><div class=\"wpb_text_column\"><div class=\"wpb_wrapper\"><p><strong>Neden K\u00f6yl\u00fc Dostum Gezen Tavuk Yemi?<\/strong><\/p>\n<ul>\n<li>Salma tavuk yeti\u015ftiricili\u011fi g\u00fcn\u00fcm\u00fczde yayg\u0131n olan bir yeti\u015ftiricilik bi\u00e7imi haline gelmi\u015ftir. Yeti\u015ftiriciler bu i\u015fi yapmaya karar vermeden \u00f6nce pazar\u0131n ihtiya\u00e7lar\u0131n\u0131 iyi belirlemeli, salma tavuk\u00e7ulukta kullanacaklar\u0131 \u0131rk ve cins se\u00e7imine dikkatli bir \u015fekilde yapmal\u0131d\u0131rlar. Yanl\u0131\u015f \u0131rkla ba\u015flaman\u0131n sonradan telafisi hem zor hem de maliyetlidir. Do\u011fru \u0131rk se\u00e7imi kazanc\u0131n\u0131z\u0131 do\u011frudan etkiler. Se\u00e7ilen \u0131rk\u0131n yumurta performans\u0131 y\u00fcksek olabilir fakat yumurtan\u0131n renginden dolay\u0131 b\u00f6lgenizde tercih edilmeyebilir.<\/li>\n<li>Salma tavuklar\u0131n beslenmesinde yap\u0131lan en b\u00fcy\u00fck yanl\u0131\u015flardan biri, onlar\u0131 bu\u011fday, arpa, m\u0131s\u0131r gibi tek y\u00f6nl\u00fc besleme \u015feklidir. Bu \u015fekilde besleme tavuklar\u0131n erken ya\u015fta ekonomik \u00f6mr\u00fcn\u00fcn dolarak y\u0131pranmas\u0131na neden oldu\u011fu gibi, istenilen yumurta kalitesinin al\u0131namamas\u0131na da neden olur.<\/li>\n<li>Bu y\u00fczden gezen tavuklar dengelenmi\u015f besin madde i\u00e7eri\u011fine sahip \u00f6zel olarak form\u00fcle edilmi\u015f tam yemler ile beslenmelidirler. K\u00f6yl\u00fc Dostum Gezen Tavuk Yemi, salma tavuklar\u0131n yumurtlama d\u00f6nemi boyunca ihtiya\u00e7 duydu\u011fu protein, enerji, vitamin ve mineralleri eksiksiz olarak kar\u015f\u0131lar.<\/li>\n<li>K\u00f6yl\u00fc Dostum Gezen Tavuk Yemi salma tavuklar\u0131n sindirim sistemlerini destekleyerek yemden yararlanmay\u0131 art\u0131r\u0131r.\u00a0 Yumurta rand\u0131man\u0131 ve kalitesini iyile\u015ftirerek hedeflenen ideal gramaja ula\u015fmay\u0131 sa\u011flar.<\/li>\n<\/ul>\n<\/div><\/div><\/div><\/div><div class=\"wpb_column vc_column_container\"><div class=\"vc_column-inner\"><div class=\"wpb_text_column\"><div class=\"wpb_wrapper\"><div class=\"wpb_text_column \">\n<div class=\"wpb_wrapper\">\n<div class=\"wpb_text_column \">\n<div class=\"wpb_wrapper\">\n<div class=\"wpb_text_column \">\n<div class=\"wpb_wrapper\">\n<p><strong>Kullan\u0131l\u0131\u015f\u0131: <\/strong><\/p>\n<ul>\n<li>K\u00f6yl\u00fc Dostum Gezen Tavuk Yemi, cinsel olgunlu\u011fa eri\u015fti\u011fi d\u00fc\u015f\u00fcn\u00fclen yumurtlamaya ba\u015flam\u0131\u015f salma tavuklar\u0131n yumurta rand\u0131manlar\u0131n\u0131n %2-5\u2019 e ula\u015fmas\u0131ndan itibaren ba\u015flay\u0131p t\u00fcm yumurtlama d\u00f6nemince kullan\u0131labilir.<\/li>\n<li>Konu ile ilgili daha detayl\u0131 bilgilendirme i\u00e7in firmam\u0131z\u0131n teknik sorumlular\u0131na dan\u0131\u015f\u0131lmas\u0131 faydal\u0131 olacakt\u0131r.<\/li>\n<\/ul>\n<\/div>\n<\/div>\n<\/div>\n<\/div>\n<\/div>\n<\/div>\n<\/div><\/div><\/div><\/div><\/div><\/div><\/div><\/div><\/div><\/div><\/div><\/div><\/div><\/div><\/section>\n","protected":false},"excerpt":{"rendered":"KANATLI YEMLER\u0130 Etlik Civciv Yemi \u00d6NEML\u0130 B\u0130LG\u0130LER Etlik Civcivlerin 0(s\u0131f\u0131r) \u0131nc\u0131 g\u00fcnden 21.g\u00fcne kadar ki beslenmelerinde kullan\u0131labilecek yemlerdir. NEDEN\u00a0ETL\u0130K C\u0130VC\u0130V YEM\u0130 ? Etlik Civcivlerin 0(s\u0131f\u0131r) \u0131nc\u0131 g\u00fcnden 21.g\u00fcne kadar ki beslenmelerinde kullan\u0131labilecek yemlerdir. Dostum Yem Etlik Civciv Yemi, bu d\u00f6nemdeki civcivlerin enerji ve besin maddesi ihtiya\u00e7lar\u0131n\u0131 tam olarak kar\u015f\u0131layacak \u015fekilde form\u00fcle edilmi\u015ftir. \u0130lave olarak herhangi...","protected":false},"author":1,"featured_media":0,"parent":0,"menu_order":0,"comment_status":"closed","ping_status":"closed","template":"","meta":{"footnotes":""},"class_list":["post-8185","page","type-page","status-publish","hentry"],"_links":{"self":[{"href":"https:\/\/dostumyemeski.birikiuc.net\/index.php?rest_route=\/wp\/v2\/pages\/8185","targetHints":{"allow":["GET"]}}],"collection":[{"href":"https:\/\/dostumyemeski.birikiuc.net\/index.php?rest_route=\/wp\/v2\/pages"}],"about":[{"href":"https:\/\/dostumyemeski.birikiuc.net\/index.php?rest_route=\/wp\/v2\/types\/page"}],"author":[{"embeddable":true,"href":"https:\/\/dostumyemeski.birikiuc.net\/index.php?rest_route=\/wp\/v2\/users\/1"}],"replies":[{"embeddable":true,"href":"https:\/\/dostumyemeski.birikiuc.net\/index.php?rest_route=%2Fwp%2Fv2%2Fcomments&post=8185"}],"version-history":[{"count":13,"href":"https:\/\/dostumyemeski.birikiuc.net\/index.php?rest_route=\/wp\/v2\/pages\/8185\/revisions"}],"predecessor-version":[{"id":8941,"href":"https:\/\/dostumyemeski.birikiuc.net\/index.php?rest_route=\/wp\/v2\/pages\/8185\/revisions\/8941"}],"wp:attachment":[{"href":"https:\/\/dostumyemeski.birikiuc.net\/index.php?rest_route=%2Fwp%2Fv2%2Fmedia&parent=8185"}],"curies":[{"name":"wp","href":"https:\/\/api.w.org\/{rel}","templated":true}]}}