{"id":8174,"date":"2022-04-08T11:07:29","date_gmt":"2022-04-08T08:07:29","guid":{"rendered":"http:\/\/www.dostumyem.com.tr?page_id=8174"},"modified":"2022-06-08T15:34:02","modified_gmt":"2022-06-08T12:34:02","slug":"besi-yemleri","status":"publish","type":"page","link":"https:\/\/dostumyemeski.birikiuc.net\/?page_id=8174","title":{"rendered":"Besi Yemleri"},"content":{"rendered":"<section class=\"l-section wpb_row height_small color_primary with_img parallax_hor bgwidth_120\"><div class=\"l-section-img\" style=\"background-image: url(https:\/\/dostumyemeski.birikiuc.net\/wp-content\/uploads\/2015\/12\/BalbesiF.gif);\" data-img-width=\"500\" data-img-height=\"333\"><\/div><div class=\"l-section-overlay\" style=\"background:rgba(2,2,2,0.67)\"><\/div><div class=\"l-section-h i-cf\"><div class=\"g-cols vc_row via_grid cols_1 laptops-cols_inherit tablets-cols_inherit mobiles-cols_1 valign_top type_default\"><div class=\"wpb_column vc_column_container\"><div class=\"vc_column-inner\"><div class=\"wpb_text_column\"><div class=\"wpb_wrapper\"><h1 style=\"text-align: center;\">BES\u0130 YEMLER\u0130<\/h1>\n<\/div><\/div><div class=\"w-separator size_small\"><\/div><div class=\"w-iconbox iconpos_top style_default color_custom align_center no_title no_text\"><a href=\"#intro\" class=\"w-iconbox-link\" aria-label=\"far|chevron-down\"><div class=\"w-iconbox-icon\" style=\"font-size:3rem;color:#ffffff;\"><i class=\"far fa-chevron-down\"><\/i><\/div><\/a><div class=\"w-iconbox-meta\"><\/div><\/div><div class=\"w-separator size_medium\"><\/div><\/div><\/div><\/div><\/div><\/section><section class=\"l-section wpb_row height_small\"><div class=\"l-section-h i-cf\"><div class=\"g-cols vc_row via_grid cols_1 laptops-cols_inherit tablets-cols_inherit mobiles-cols_1 valign_top type_default\"><div class=\"wpb_column vc_column_container\"><div class=\"vc_column-inner\"><div class=\"w-tabs style_default switch_click accordion has_scrolling\" style=\"--sections-title-size:16\"><div class=\"w-tabs-sections titles-align_none icon_chevron cpos_right\"><div class=\"w-tabs-section has_text_color\" id=\"qf6c\"><button aria-controls=\"content-qf6c\" class=\"w-tabs-section-header\"><h2 class=\"w-tabs-section-title\">Kazan Dostum<\/h2><div class=\"w-tabs-section-control\"><\/div><\/button><div  class=\"w-tabs-section-content us_custom_ca37a09d\" id=\"content-qf6c\" aria-expanded=\"false\"><div class=\"w-tabs-section-content-h i-cf\"><div class=\"g-cols wpb_row via_grid cols_3 laptops-cols_inherit tablets-cols_inherit mobiles-cols_1 valign_top type_default\"><div class=\"wpb_column vc_column_container\"><div class=\"vc_column-inner\"><div class=\"w-image align_none\"><div class=\"w-image-h\"><img loading=\"lazy\" decoding=\"async\" width=\"252\" height=\"300\" src=\"https:\/\/dostumyemeski.birikiuc.net\/wp-content\/uploads\/2022\/06\/kazan_dostum-252x300.png\" class=\"attachment-medium size-medium\" alt=\"\" srcset=\"https:\/\/dostumyemeski.birikiuc.net\/wp-content\/uploads\/2022\/06\/kazan_dostum-252x300.png 252w, https:\/\/dostumyemeski.birikiuc.net\/wp-content\/uploads\/2022\/06\/kazan_dostum.png 412w\" sizes=\"auto, (max-width: 252px) 100vw, 252px\" \/><\/div><\/div><\/div><\/div><div class=\"wpb_column vc_column_container\"><div class=\"vc_column-inner\"><div class=\"wpb_text_column\"><div class=\"wpb_wrapper\"><div class=\"wpb_text_column \">\n<div class=\"wpb_wrapper\">\n<p class=\"p1\"><strong>NEDEN KAZAN DOSTUM BES\u0130 YEM\u0130 ?<\/strong><\/p>\n<p>\u2022 Kazan Dostum Besi Yemi, besi hayvanlar\u0131n\u0131n kemik ve iskelet sisteminin h\u0131zl\u0131 ve sa\u011fl\u0131kl\u0131 geli\u015fimini sa\u011flayan kaliteli protein kaynaklar\u0131 ile dengeli bir vitamin-mineral i\u00e7eri\u011fine sahiptir. \u2022 Kazan Dostum Besi Yemi, gen\u00e7 hayvanlar\u0131n h\u0131zl\u0131 canl\u0131 a\u011f\u0131rl\u0131k kazanmas\u0131n\u0131 sa\u011flayan bir v\u00fccut yap\u0131s\u0131na sahip olmas\u0131n\u0131 sa\u011flar.<\/p>\n<\/div>\n<\/div>\n<\/div><\/div><\/div><\/div><div class=\"wpb_column vc_column_container\"><div class=\"vc_column-inner\"><div class=\"wpb_text_column\"><div class=\"wpb_wrapper\"><p class=\"p1\"><strong>KULLANILI\u015eI\u00a0<\/strong><\/p>\n<p>\u2022 H\u0131zl\u0131 canl\u0131 a\u011f\u0131rl\u0131k art\u0131\u015f\u0131 i\u00e7in besi s\u0131\u011f\u0131rlar\u0131n\u0131n yiyebildikleri kadar (ad libitum) besi yemi ile beslenmeleri gerekir. Bu ama\u00e7la besi hayvanlar\u0131na \u00f6nce 100 kg canl\u0131 a\u011f\u0131rl\u0131klar\u0131 i\u00e7in 2 kg Balbesi Besi Yemi hesap edilir. \u2022 Hesap edilen yem miktar\u0131na bir al\u0131\u015ft\u0131rma d\u00f6nemi uygulanarak ula\u015f\u0131lmal\u0131d\u0131r. Al\u0131\u015ft\u0131rma d\u00f6nemindeki g\u00fcnl\u00fck yem art\u0131\u015flar\u0131 0.5 kg\u2019\u0131 ge\u00e7memelidir. Hayvanlar besi yemini k\u0131sa s\u00fcrede t\u00fcketiyorlarsa g\u00fcnl\u00fck miktar onda bir oran\u0131nda art\u0131r\u0131l\u0131r.<\/p>\n<\/div><\/div><\/div><\/div><\/div><\/div><\/div><\/div><div class=\"w-tabs-section has_text_color\" id=\"b1c3\"><button aria-controls=\"content-b1c3\" class=\"w-tabs-section-header\"><h2 class=\"w-tabs-section-title\">Yar\u0131\u015f Dostum<\/h2><div class=\"w-tabs-section-control\"><\/div><\/button><div  class=\"w-tabs-section-content us_custom_ca37a09d\" id=\"content-b1c3\" aria-expanded=\"false\"><div class=\"w-tabs-section-content-h i-cf\"><div class=\"g-cols wpb_row via_grid cols_3 laptops-cols_inherit tablets-cols_inherit mobiles-cols_1 valign_top type_default\"><div class=\"wpb_column vc_column_container\"><div class=\"vc_column-inner\"><div class=\"w-image align_none\"><div class=\"w-image-h\"><img loading=\"lazy\" decoding=\"async\" width=\"252\" height=\"300\" src=\"https:\/\/dostumyemeski.birikiuc.net\/wp-content\/uploads\/2022\/06\/yaris_dostum-252x300.png\" class=\"attachment-medium size-medium\" alt=\"\" srcset=\"https:\/\/dostumyemeski.birikiuc.net\/wp-content\/uploads\/2022\/06\/yaris_dostum-252x300.png 252w, https:\/\/dostumyemeski.birikiuc.net\/wp-content\/uploads\/2022\/06\/yaris_dostum.png 412w\" sizes=\"auto, (max-width: 252px) 100vw, 252px\" \/><\/div><\/div><\/div><\/div><div class=\"wpb_column vc_column_container\"><div class=\"vc_column-inner\"><div class=\"wpb_text_column\"><div class=\"wpb_wrapper\"><div class=\"wpb_text_column \">\n<div class=\"wpb_wrapper\">\n<div class=\"wpb_text_column \">\n<div class=\"wpb_wrapper\">\n<p class=\"p1\"><strong>NEDEN BALBES\u0130 \u2013 F YEM\u0130 ?<\/strong><\/p>\n<p>\u2022 Yar\u0131\u015f Dostum Besi Yemi, besi hayvanlar\u0131n\u0131n kemik ve iskelet sisteminin h\u0131zl\u0131 ve sa\u011fl\u0131kl\u0131 geli\u015fimini sa\u011flayan kaliteli protein kaynaklar\u0131 ile dengeli bir vitamin-mineral i\u00e7eri\u011fine sahiptir. \u2022 Yar\u0131\u015f Dostum Besi Yemi, gen\u00e7 hayvanlar\u0131n h\u0131zl\u0131 canl\u0131 a\u011f\u0131rl\u0131k kazanmas\u0131n\u0131 sa\u011flayan bir v\u00fccut yap\u0131s\u0131na sahip olmas\u0131n\u0131 sa\u011flar. \u2022 Y\u00fcksek enerji i\u00e7eri\u011fi besi hayvanlar\u0131n\u0131n gen\u00e7 ya\u015fta h\u0131zl\u0131 v\u00fccut geli\u015fimi ve besinin ileri d\u00f6neminde de y\u00fcksek canl\u0131 a\u011f\u0131rl\u0131k art\u0131\u015f\u0131 kazanmalar\u0131n\u0131 sa\u011flar. B\u00f6ylece besi s\u0131\u011f\u0131rlar\u0131 daha erken d\u00f6nemde daha y\u00fcksek rand\u0131manla kesime giderler. \u2022 V\u00fccut ya\u011flar\u0131n\u0131n kar\u0131n ve b\u00f6brek etraf\u0131 gibi istenmeyen b\u00f6lgelerde birikimleri yerine, kas aras\u0131na da\u011f\u0131l\u0131m\u0131n\u0131 sa\u011flayarak kaliteli ve lezzetli et \u00fcretimine yard\u0131mc\u0131 olur.<\/p>\n<\/div>\n<\/div>\n<div class=\"wpb_text_column \">\n<div class=\"wpb_wrapper\">\n<p class=\"p1\"><strong>KULLANILI\u015eI\u00a0<\/strong><\/p>\n<p>H\u0131zl\u0131 canl\u0131 a\u011f\u0131rl\u0131k art\u0131\u015f\u0131 i\u00e7in besi s\u0131\u011f\u0131rlar\u0131n\u0131n yiyebildikleri kadar (ad libitum) besi yemi ile beslenmeleri gerekir. Bu ama\u00e7la besi hayvanlar\u0131na \u00f6nce 100 kg canl\u0131 a\u011f\u0131rl\u0131klar\u0131 i\u00e7in 2 kg Balbesi Besi Yemi hesap edilir. \u2022 Hesap edilen yem miktar\u0131na bir al\u0131\u015ft\u0131rma d\u00f6nemi uygulanarak ula\u015f\u0131lmal\u0131d\u0131r. Al\u0131\u015ft\u0131rma d\u00f6nemindeki g\u00fcnl\u00fck yem art\u0131\u015flar\u0131 0.5 kg\u2019\u0131 ge\u00e7memelidir. Hayvanlar besi yemini k\u0131sa s\u00fcrede t\u00fcketiyorlarsa g\u00fcnl\u00fck miktar onda bir oran\u0131nda art\u0131r\u0131l\u0131r. B\u00f6ylece yiyebilecekleri kadar g\u00fcnl\u00fck miktara ula\u015f\u0131l\u0131r. \u2022 Besi yemi yan\u0131 s\u0131ra yemliklerde kaba k\u0131y\u0131lm\u0131\u015f bir kuru ot ya da saman s\u00fcrekli bulundurulmal\u0131d\u0131r.<\/p>\n<\/div>\n<\/div>\n<\/div>\n<\/div>\n<\/div><\/div><\/div><\/div><div class=\"wpb_column vc_column_container\"><div class=\"vc_column-inner\"><div class=\"w-video align_none ratio_16x9\" onclick=\"return {&quot;player_html&quot;:&quot;&lt;iframe title=\\&quot;Balbesi H\\u0131zl\\u0131 Kan\\u0131t \\u00c7al\\u0131\\u015fmas\\u0131\\&quot; width=\\&quot;640\\&quot; height=\\&quot;360\\&quot; src=\\&quot;https:\\\/\\\/www.youtube.com\\\/embed\\\/Ebfk-V6KkeU?start=15&amp;feature=oembed\\&quot; frameborder=\\&quot;0\\&quot; allow=\\&quot;accelerometer; autoplay; clipboard-write; encrypted-media; gyroscope; picture-in-picture\\&quot; allowfullscreen&gt;&lt;\\\/iframe&gt;&quot;}\"><div class=\"w-video-h\"><iframe title=\"Youtube video player\" src=\"\/\/www.youtube.com\/embed\/Ebfk-V6KkeU?origin=https:\/\/dostumyemeski.birikiuc.net&controls=1\" allowfullscreen=\"1\" loading=\"lazy\"><\/iframe><\/div><div class=\"w-video-icon\" style=\"font-size:1.5rem;background:rgba(0,0,0,0.5);color:#fff\"><\/div><\/div><\/div><\/div><\/div><\/div><\/div><\/div><div class=\"w-tabs-section has_text_color\" id=\"w7d7\"><button aria-controls=\"content-w7d7\" class=\"w-tabs-section-header\"><h2 class=\"w-tabs-section-title\">Son Dostum<\/h2><div class=\"w-tabs-section-control\"><\/div><\/button><div  class=\"w-tabs-section-content us_custom_ca37a09d\" id=\"content-w7d7\" aria-expanded=\"false\"><div class=\"w-tabs-section-content-h i-cf\"><div class=\"g-cols wpb_row via_grid cols_3 laptops-cols_inherit tablets-cols_inherit mobiles-cols_1 valign_top type_default\"><div class=\"wpb_column vc_column_container\"><div class=\"vc_column-inner\"><div class=\"w-image align_none\"><div class=\"w-image-h\"><img loading=\"lazy\" decoding=\"async\" width=\"252\" height=\"300\" src=\"https:\/\/dostumyemeski.birikiuc.net\/wp-content\/uploads\/2022\/06\/son_dostum-252x300.png\" class=\"attachment-medium size-medium\" alt=\"\" srcset=\"https:\/\/dostumyemeski.birikiuc.net\/wp-content\/uploads\/2022\/06\/son_dostum-252x300.png 252w, https:\/\/dostumyemeski.birikiuc.net\/wp-content\/uploads\/2022\/06\/son_dostum.png 412w\" sizes=\"auto, (max-width: 252px) 100vw, 252px\" \/><\/div><\/div><\/div><\/div><div class=\"wpb_column vc_column_container\"><div class=\"vc_column-inner\"><div class=\"wpb_text_column\"><div class=\"wpb_wrapper\"><div class=\"wpb_text_column \">\n<div class=\"wpb_wrapper\">\n<div class=\"wpb_text_column \">\n<div class=\"wpb_wrapper\">\n<div class=\"wpb_text_column \">\n<div class=\"wpb_wrapper\">\n<p class=\"p1\"><strong>NEDEN SON DOSTUM B\u0130T\u0130R S\u00dcT YEM\u0130 ?<\/strong><\/p>\n<p class=\"p2\">\u00a0\u2022 Son Dostum Besi Yemi, y\u00fcksek enerji ve besin maddeleri i\u00e7eri\u011fi sayesinde daha az miktarda besi yemi ile hayvan\u0131n ihtiya\u00e7lar\u0131n\u0131 kar\u015f\u0131lar. B\u00f6ylece hayvanlar\u0131n yem t\u00fcketimlerinin azald\u0131\u011f\u0131 besi sonu d\u00f6neminde ve s\u0131cak mevsimlerde enerji ve besin maddeleri eksikliklerini \u00f6nler.<\/p>\n<\/div>\n<\/div>\n<div class=\"wpb_text_column \">\n<div class=\"wpb_wrapper\">\n<p class=\"p1\"><strong>KULLANILI\u015eI\u00a0<\/strong><\/p>\n<p class=\"p2\">Son Dostum Besi Yemi, besinin son d\u00f6neminde kullan\u0131lacak \u00f6zel bir kesim \u00f6ncesi yemdir. Hayvan\u0131n canl\u0131 a\u011f\u0131rl\u0131\u011f\u0131n\u0131n her 100 kg\u2019\u0131 i\u00e7in 2 kg Son Dostum Besi Yemi hesap edilir. Son Dostum Besi Yemi\u2019ne ge\u00e7i\u015f i\u00e7in en az 1 hafta al\u0131\u015ft\u0131rma d\u00f6nemi uygulanmal\u0131d\u0131r. \u2022 Hesap edilen miktara ula\u015f\u0131ld\u0131ktan sonra, hayvanlara yiyebildikleri kadar Son Dostum Besi Yemi verilir. Besi s\u0131\u011f\u0131rlar\u0131na besi yemi yan\u0131 s\u0131ra yiyebildikleri kadar kaba k\u0131y\u0131lm\u0131\u015f kuru ot ya da saman sa\u011flanmal\u0131d\u0131r. Son Dostum Besi Yemi\u2019ne her hangi bir tah\u0131l ilavesine gerek yoktur.<\/p>\n<\/div>\n<\/div>\n<\/div>\n<\/div>\n<\/div>\n<\/div>\n<\/div><\/div><\/div><\/div><div class=\"wpb_column vc_column_container\"><div class=\"vc_column-inner\"><div class=\"w-video align_none ratio_16x9\" onclick=\"return {&quot;player_html&quot;:&quot;&lt;iframe title=\\&quot;Balbesi H\\u0131zl\\u0131 Kan\\u0131t \\u00c7al\\u0131\\u015fmas\\u0131\\&quot; width=\\&quot;640\\&quot; height=\\&quot;360\\&quot; src=\\&quot;https:\\\/\\\/www.youtube.com\\\/embed\\\/Ebfk-V6KkeU?start=15&amp;feature=oembed\\&quot; frameborder=\\&quot;0\\&quot; allow=\\&quot;accelerometer; autoplay; clipboard-write; encrypted-media; gyroscope; picture-in-picture\\&quot; allowfullscreen&gt;&lt;\\\/iframe&gt;&quot;}\"><div class=\"w-video-h\"><iframe title=\"Youtube video player\" src=\"\/\/www.youtube.com\/embed\/Ebfk-V6KkeU?origin=https:\/\/dostumyemeski.birikiuc.net&controls=1\" allowfullscreen=\"1\" loading=\"lazy\"><\/iframe><\/div><div class=\"w-video-icon\" style=\"font-size:1.5rem;background:rgba(0,0,0,0.5);color:#fff\"><\/div><\/div><\/div><\/div><\/div><\/div><\/div><\/div><div class=\"w-tabs-section has_text_color\" id=\"w241\"><button aria-controls=\"content-w241\" class=\"w-tabs-section-header\"><h2 class=\"w-tabs-section-title\">H\u0131zl\u0131 Dostum<\/h2><div class=\"w-tabs-section-control\"><\/div><\/button><div  class=\"w-tabs-section-content us_custom_ca37a09d\" id=\"content-w241\" aria-expanded=\"false\"><div class=\"w-tabs-section-content-h i-cf\"><div class=\"g-cols wpb_row via_grid cols_3 laptops-cols_inherit tablets-cols_inherit mobiles-cols_1 valign_top type_default\"><div class=\"wpb_column vc_column_container\"><div class=\"vc_column-inner\"><div class=\"w-image align_none\"><div class=\"w-image-h\"><img loading=\"lazy\" decoding=\"async\" width=\"252\" height=\"300\" src=\"https:\/\/dostumyemeski.birikiuc.net\/wp-content\/uploads\/2022\/06\/hizli_dostum-252x300.png\" class=\"attachment-medium size-medium\" alt=\"\" srcset=\"https:\/\/dostumyemeski.birikiuc.net\/wp-content\/uploads\/2022\/06\/hizli_dostum-252x300.png 252w, https:\/\/dostumyemeski.birikiuc.net\/wp-content\/uploads\/2022\/06\/hizli_dostum.png 412w\" sizes=\"auto, (max-width: 252px) 100vw, 252px\" \/><\/div><\/div><\/div><\/div><div class=\"wpb_column vc_column_container\"><div class=\"vc_column-inner\"><div class=\"wpb_text_column\"><div class=\"wpb_wrapper\"><p class=\"p1\"><strong>Neden H\u0131zl\u0131 Dostum Yemi ?<\/strong><\/p>\n<p>&nbsp;<\/p>\n<p>\u2022 H\u0131zl\u0131 Dostum Besi Yemi, \u00f6zellikle et\u00e7i besi \u0131rklar\u0131n\u0131n iskelet sisteminin h\u0131zl\u0131 ve sa\u011fl\u0131kl\u0131 geli\u015fimini sa\u011flayarak besi s\u00fcresini k\u0131saltan, enerji ve protein oran\u0131 y\u00fcksek bir i\u00e7eri\u011fe sahiptir.<\/p>\n<p>\u2022 H\u0131zl\u0131 Dostum Besi Yemi, gen\u00e7 hayvanlar\u0131n protein ihtiyac\u0131n\u0131 kaliteli kaynaklardan olu\u015fan \u00f6zel form\u00fclasyonu ile besinin erken d\u00f6neminde, besi hayvanlar\u0131n\u0131n boy olarak da y\u00fcksek olmas\u0131na olanak sa\u011flar.<\/p>\n<p>\u2022 Y\u00fcksek enerji i\u00e7eri\u011fi ve kaliteli ni\u015fasta kaynaklar\u0131 ile \u00f6zellikle et\u00e7i besi hayvanlar\u0131n\u0131n gen\u00e7 ya\u015fta sa\u011fl\u0131kl\u0131 v\u00fccut geli\u015fimi ve besinin ileri d\u00f6neminde de y\u00fcksek canl\u0131 a\u011f\u0131rl\u0131k art\u0131\u015f\u0131 kazanmalar\u0131n\u0131 sa\u011flar. B\u00f6ylece besi s\u0131\u011f\u0131rlar\u0131 daha k\u0131sa d\u00f6nemde daha y\u00fcksek rand\u0131manla kesime giderler.<\/p>\n<p>\u2022 Kaliteli protein ve ni\u015fasta kaynaklar\u0131 sayesinde ya\u011flar\u0131n deri alt\u0131, b\u00f6brek etraf\u0131 gibi istenmeyen b\u00f6lgelerde birikimleri yerine, kaslar\u0131n aras\u0131na da\u011f\u0131l\u0131m\u0131n\u0131 sa\u011flayarak kaliteli ve lezzetli et \u00fcretimine yard\u0131mc\u0131 olur.<\/p>\n<\/div><\/div><\/div><\/div><div class=\"wpb_column vc_column_container\"><div class=\"vc_column-inner\"><div class=\"wpb_text_column\"><div class=\"wpb_wrapper\"><\/div><\/div><div class=\"w-video align_none ratio_16x9\" onclick=\"return {&quot;player_html&quot;:&quot;&lt;iframe title=\\&quot;Balbesi H\\u0131zl\\u0131 Kan\\u0131t \\u00c7al\\u0131\\u015fmas\\u0131\\&quot; width=\\&quot;640\\&quot; height=\\&quot;360\\&quot; src=\\&quot;https:\\\/\\\/www.youtube.com\\\/embed\\\/Ebfk-V6KkeU?start=15&amp;feature=oembed\\&quot; frameborder=\\&quot;0\\&quot; allow=\\&quot;accelerometer; autoplay; clipboard-write; encrypted-media; gyroscope; picture-in-picture\\&quot; allowfullscreen&gt;&lt;\\\/iframe&gt;&quot;}\"><div class=\"w-video-h\"><iframe title=\"Youtube video player\" src=\"\/\/www.youtube.com\/embed\/Ebfk-V6KkeU?origin=https:\/\/dostumyemeski.birikiuc.net&controls=1\" allowfullscreen=\"1\" loading=\"lazy\"><\/iframe><\/div><div class=\"w-video-icon\" style=\"font-size:1.5rem;background:rgba(0,0,0,0.5);color:#fff\"><\/div><\/div><\/div><\/div><\/div><\/div><\/div><\/div><div class=\"w-tabs-section has_text_color\" id=\"k64e\"><button aria-controls=\"content-k64e\" class=\"w-tabs-section-header\"><h2 class=\"w-tabs-section-title\">Ekle Dostum<\/h2><div class=\"w-tabs-section-control\"><\/div><\/button><div  class=\"w-tabs-section-content us_custom_ca37a09d\" id=\"content-k64e\" aria-expanded=\"false\"><div class=\"w-tabs-section-content-h i-cf\"><div class=\"g-cols wpb_row via_grid cols_3 laptops-cols_inherit tablets-cols_inherit mobiles-cols_1 valign_top type_default\"><div class=\"wpb_column vc_column_container\"><div class=\"vc_column-inner\"><div class=\"w-image align_none\"><div class=\"w-image-h\"><img loading=\"lazy\" decoding=\"async\" width=\"252\" height=\"300\" src=\"https:\/\/dostumyemeski.birikiuc.net\/wp-content\/uploads\/2022\/06\/ekle_dostum-252x300.png\" class=\"attachment-medium size-medium\" alt=\"\" srcset=\"https:\/\/dostumyemeski.birikiuc.net\/wp-content\/uploads\/2022\/06\/ekle_dostum-252x300.png 252w, https:\/\/dostumyemeski.birikiuc.net\/wp-content\/uploads\/2022\/06\/ekle_dostum.png 412w\" sizes=\"auto, (max-width: 252px) 100vw, 252px\" \/><\/div><\/div><\/div><\/div><div class=\"wpb_column vc_column_container\"><div class=\"vc_column-inner\"><div class=\"wpb_text_column\"><div class=\"wpb_wrapper\"><div class=\"wpb_text_column \">\n<div class=\"wpb_wrapper\">\n<div class=\"wpb_text_column \">\n<div class=\"wpb_wrapper\">\n<div class=\"wpb_text_column \">\n<div class=\"wpb_wrapper\">\n<p class=\"p1\"><strong>NEDEN EKLE DOSTUM YEM\u0130 ?<\/strong><\/p>\n<p>\u2022 Ekle Dostum Besi Yemi, tah\u0131llar\u0131n protein ve besin maddeleri eksikliklerini tamamlar . Tah\u0131llar ile belirtilen oranlarda kar\u0131\u015ft\u0131r\u0131ld\u0131\u011f\u0131nda dengeli bir besi yemi kar\u0131\u015f\u0131m\u0131 olu\u015fturur.<\/p>\n<p>\u2022 Besiye al\u0131nan hayvanlar\u0131n dengeli beslenmeleri hayvan\u0131n gen\u00e7 d\u00f6neminde iyi bir kemik ve kas geli\u015fimi g\u00f6stermesini sa\u011flarken, besinin son d\u00f6neminde de bu iyi geli\u015fmi\u015f v\u00fccut yap\u0131s\u0131n\u0131n h\u0131zla canl\u0131 a\u011f\u0131rl\u0131k art\u0131\u015f\u0131 g\u00f6stermesine neden olur.<\/p>\n<p>\u2022 Besi yemlerinin bilin\u00e7sizce tah\u0131l taneleri ya da di\u011fer yem maddeleri ile kar\u0131\u015ft\u0131r\u0131lmas\u0131 rasyondaki besin maddeleri dengesini bozar, hayvan\u0131n gen\u00e7 \u00e7a\u011fdaki geli\u015fimini ve ileri d\u00f6nemde de canl\u0131 a\u011f\u0131rl\u0131k art\u0131\u015f\u0131n\u0131 yava\u015flat\u0131r.<\/p>\n<\/div>\n<\/div>\n<\/div>\n<\/div>\n<\/div>\n<\/div>\n<\/div><\/div><\/div><\/div><div class=\"wpb_column vc_column_container\"><div class=\"vc_column-inner\"><div class=\"w-video align_none ratio_16x9\" onclick=\"return {&quot;player_html&quot;:&quot;&lt;iframe title=\\&quot;Balbesi H\\u0131zl\\u0131 Kan\\u0131t \\u00c7al\\u0131\\u015fmas\\u0131\\&quot; width=\\&quot;640\\&quot; height=\\&quot;360\\&quot; src=\\&quot;https:\\\/\\\/www.youtube.com\\\/embed\\\/Ebfk-V6KkeU?start=15&amp;feature=oembed\\&quot; frameborder=\\&quot;0\\&quot; allow=\\&quot;accelerometer; autoplay; clipboard-write; encrypted-media; gyroscope; picture-in-picture\\&quot; allowfullscreen&gt;&lt;\\\/iframe&gt;&quot;}\"><div class=\"w-video-h\"><iframe title=\"Youtube video player\" src=\"\/\/www.youtube.com\/embed\/Ebfk-V6KkeU?origin=https:\/\/dostumyemeski.birikiuc.net&controls=1\" allowfullscreen=\"1\" loading=\"lazy\"><\/iframe><\/div><div class=\"w-video-icon\" style=\"font-size:1.5rem;background:rgba(0,0,0,0.5);color:#fff\"><\/div><\/div><\/div><\/div><\/div><\/div><\/div><\/div><\/div><\/div><\/div><\/div><\/div><\/div><\/section>\n","protected":false},"excerpt":{"rendered":"BES\u0130 YEMLER\u0130 Kazan Dostum NEDEN KAZAN DOSTUM BES\u0130 YEM\u0130 ? \u2022 Kazan Dostum Besi Yemi, besi hayvanlar\u0131n\u0131n kemik ve iskelet sisteminin h\u0131zl\u0131 ve sa\u011fl\u0131kl\u0131 geli\u015fimini sa\u011flayan kaliteli protein kaynaklar\u0131 ile dengeli bir vitamin-mineral i\u00e7eri\u011fine sahiptir. \u2022 Kazan Dostum Besi Yemi, gen\u00e7 hayvanlar\u0131n h\u0131zl\u0131 canl\u0131 a\u011f\u0131rl\u0131k kazanmas\u0131n\u0131 sa\u011flayan bir v\u00fccut yap\u0131s\u0131na sahip olmas\u0131n\u0131 sa\u011flar. KULLANILI\u015eI\u00a0 \u2022...","protected":false},"author":1,"featured_media":0,"parent":0,"menu_order":0,"comment_status":"closed","ping_status":"closed","template":"","meta":{"footnotes":""},"class_list":["post-8174","page","type-page","status-publish","hentry"],"_links":{"self":[{"href":"https:\/\/dostumyemeski.birikiuc.net\/index.php?rest_route=\/wp\/v2\/pages\/8174","targetHints":{"allow":["GET"]}}],"collection":[{"href":"https:\/\/dostumyemeski.birikiuc.net\/index.php?rest_route=\/wp\/v2\/pages"}],"about":[{"href":"https:\/\/dostumyemeski.birikiuc.net\/index.php?rest_route=\/wp\/v2\/types\/page"}],"author":[{"embeddable":true,"href":"https:\/\/dostumyemeski.birikiuc.net\/index.php?rest_route=\/wp\/v2\/users\/1"}],"replies":[{"embeddable":true,"href":"https:\/\/dostumyemeski.birikiuc.net\/index.php?rest_route=%2Fwp%2Fv2%2Fcomments&post=8174"}],"version-history":[{"count":16,"href":"https:\/\/dostumyemeski.birikiuc.net\/index.php?rest_route=\/wp\/v2\/pages\/8174\/revisions"}],"predecessor-version":[{"id":8915,"href":"https:\/\/dostumyemeski.birikiuc.net\/index.php?rest_route=\/wp\/v2\/pages\/8174\/revisions\/8915"}],"wp:attachment":[{"href":"https:\/\/dostumyemeski.birikiuc.net\/index.php?rest_route=%2Fwp%2Fv2%2Fmedia&parent=8174"}],"curies":[{"name":"wp","href":"https:\/\/api.w.org\/{rel}","templated":true}]}}