{"id":8141,"date":"2022-04-08T10:01:04","date_gmt":"2022-04-08T07:01:04","guid":{"rendered":"http:\/\/dostumyem.com?page_id=8141"},"modified":"2022-06-10T08:49:47","modified_gmt":"2022-06-10T05:49:47","slug":"kalite-guvence","status":"publish","type":"page","link":"https:\/\/dostumyemeski.birikiuc.net\/?page_id=8141","title":{"rendered":"Kalite G\u00fcvence"},"content":{"rendered":"<section class=\"l-section wpb_row height_small color_primary parallax_hor bgwidth_120\"><div class=\"l-section-overlay\" style=\"background:rgba(2,2,2,0.67)\"><\/div><div class=\"l-section-h i-cf\"><div class=\"g-cols vc_row via_grid cols_1 laptops-cols_inherit tablets-cols_inherit mobiles-cols_1 valign_top type_default\"><div class=\"wpb_column vc_column_container\"><div class=\"vc_column-inner\"><div class=\"wpb_text_column\"><div class=\"wpb_wrapper\"><h1 style=\"text-align: center;\">KAL\u0130TE G\u00dcVENCE<\/h1>\n<\/div><\/div><div class=\"w-separator size_small\"><\/div><div class=\"w-iconbox iconpos_top style_default color_custom align_center no_title no_text\"><a href=\"#intro\" class=\"w-iconbox-link\" aria-label=\"far|chevron-down\"><div class=\"w-iconbox-icon\" style=\"font-size:3rem;color:#ffffff;\"><i class=\"far fa-chevron-down\"><\/i><\/div><\/a><div class=\"w-iconbox-meta\"><\/div><\/div><\/div><\/div><\/div><\/div><\/section><!-- Row Backgrounds --><div class=\"upb_color\" data-bg-override=\"0\" data-bg-color=\"#1e73be\" data-fadeout=\"\" data-fadeout-percentage=\"30\" data-parallax-content=\"\" data-parallax-content-sense=\"30\" data-row-effect-mobile-disable=\"true\" data-img-parallax-mobile-disable=\"true\" data-rtl=\"false\"  data-custom-vc-row=\"\"  data-vc=\"6.7.0\"  data-is_old_vc=\"\"  data-theme-support=\"\"   data-overlay=\"false\" data-overlay-color=\"\" data-overlay-pattern=\"\" data-overlay-pattern-opacity=\"\" data-overlay-pattern-size=\"\"    ><\/div><section class=\"l-section wpb_row height_small\"><div class=\"l-section-h i-cf\"><div class=\"g-cols vc_row via_grid cols_2 laptops-cols_inherit tablets-cols_inherit mobiles-cols_1 valign_top type_default\"><div class=\"wpb_column vc_column_container\"><div class=\"vc_column-inner\"><div class=\"w-image us_custom_7e20fa79 us_animate_this align_none\"><div class=\"w-image-h\"><img loading=\"lazy\" decoding=\"async\" width=\"500\" height=\"500\" src=\"https:\/\/dostumyemeski.birikiuc.net\/wp-content\/uploads\/2022\/04\/halil.jpg\" class=\"attachment-large size-large\" alt=\"\" srcset=\"https:\/\/dostumyemeski.birikiuc.net\/wp-content\/uploads\/2022\/04\/halil.jpg 500w, https:\/\/dostumyemeski.birikiuc.net\/wp-content\/uploads\/2022\/04\/halil-300x300.jpg 300w, https:\/\/dostumyemeski.birikiuc.net\/wp-content\/uploads\/2022\/04\/halil-150x150.jpg 150w\" sizes=\"auto, (max-width: 500px) 100vw, 500px\" \/><\/div><\/div><\/div><\/div><div class=\"wpb_column vc_column_container\"><div class=\"vc_column-inner\"><div class=\"wpb_text_column us_custom_a511460d\"><div class=\"wpb_wrapper\"><h2><strong>Deneyimli<\/strong><\/h2>\n<\/div><\/div><div class=\"wpb_text_column us_custom_a511460d\"><div class=\"wpb_wrapper\"><h1><span style=\"color: #ff0000;\"><strong>Personel<\/strong><\/span><\/h1>\n<\/div><\/div><div class=\"w-separator us_custom_5c1af071 size_small with_line width_default thick_3 style_solid color_border align_center with_content\"><div class=\"w-separator-h\"><i class=\"fas fa-male\"><\/i><\/div><\/div><div class=\"wpb_text_column us_custom_6388e5fb has_text_color us_animate_this\"><div class=\"wpb_wrapper\"><p>Bal\u0131kesir ve Tire \u00fcretim tesislerimizde ilgili \u00dcniversitelerin Kimya, Kimya M\u00fchendisli\u011fi, Ziraat M\u00fchendisli\u011fi Veteriner Hekimli\u011fi\u00a0 b\u00f6l\u00fcmlerinden mezun sekt\u00f6rde deneyim sahibi personel\u00a0 istihdam edilmektedir.<\/p>\n<\/div><\/div><\/div><\/div><\/div><\/div><\/section><section class=\"l-section wpb_row height_small\"><div class=\"l-section-overlay\" style=\"background:var(--color-chrome-toolbar)\"><\/div><div class=\"l-section-h i-cf\"><div class=\"g-cols vc_row via_grid cols_2 laptops-cols_inherit tablets-cols_inherit mobiles-cols_1 valign_top type_default\"><div class=\"wpb_column vc_column_container\"><div class=\"vc_column-inner\"><div class=\"wpb_text_column us_custom_a511460d\"><div class=\"wpb_wrapper\"><h2><strong>Teknik\u00a0<\/strong><\/h2>\n<\/div><\/div><div class=\"wpb_text_column us_custom_a511460d\"><div class=\"wpb_wrapper\"><h1><span style=\"color: #ff0000;\"><strong>Altyap\u0131 ve Ekipman<\/strong><\/span><\/h1>\n<\/div><\/div><div class=\"w-separator us_custom_5c1af071 size_small with_line width_default thick_3 style_solid color_border align_center with_content\"><div class=\"w-separator-h\"><i class=\"fas fa-align-center\"><\/i><\/div><\/div><div class=\"wpb_text_column us_custom_5aef54a0 has_text_color us_animate_this\"><div class=\"wpb_wrapper\"><p>Kalite Kontrol Laboratuvarlar\u0131m\u0131z kurulum a\u015famas\u0131nda t\u00fcm ihtiyac\u0131 sa\u011flayacak teknik altyap\u0131 ve son teknolojik geli\u015fmeleri takip ederek tedarik etti\u011fimiz cihazlar ile donat\u0131lm\u0131\u015ft\u0131r.<\/p>\n<p>Her zaman referans y\u00f6ntem prensibi ile analiz yapacak ama saha ve fabrikalar\u0131m\u0131z\u0131n ihtiya\u00e7lar\u0131na cevap verebilecek ekipmanlar ile \u00e7al\u0131\u015fmaktay\u0131z.<\/p>\n<\/div><\/div><\/div><\/div><div class=\"wpb_column vc_column_container\"><div class=\"vc_column-inner\"><div class=\"w-image us_custom_7e20fa79 us_animate_this align_none\"><div class=\"w-image-h\"><img loading=\"lazy\" decoding=\"async\" width=\"1024\" height=\"1024\" src=\"https:\/\/dostumyemeski.birikiuc.net\/wp-content\/uploads\/2022\/05\/lab-protein.jpg\" class=\"attachment-large size-large\" alt=\"\" srcset=\"https:\/\/dostumyemeski.birikiuc.net\/wp-content\/uploads\/2022\/05\/lab-protein.jpg 1024w, https:\/\/dostumyemeski.birikiuc.net\/wp-content\/uploads\/2022\/05\/lab-protein-300x300.jpg 300w, https:\/\/dostumyemeski.birikiuc.net\/wp-content\/uploads\/2022\/05\/lab-protein-150x150.jpg 150w\" sizes=\"auto, (max-width: 1024px) 100vw, 1024px\" \/><\/div><\/div><\/div><\/div><\/div><\/div><\/section><section class=\"l-section wpb_row us_custom_057801f8 height_small\"><div class=\"l-section-overlay\" style=\"background:var(--color-chrome-toolbar)\"><\/div><div class=\"l-section-h i-cf\"><div class=\"g-cols vc_row via_grid cols_2 laptops-cols_inherit tablets-cols_inherit mobiles-cols_1 valign_top type_default\"><div class=\"wpb_column vc_column_container\"><div class=\"vc_column-inner\"><div class=\"w-image us_custom_47474b22 us_animate_this align_none\"><div class=\"w-image-h\"><img loading=\"lazy\" decoding=\"async\" width=\"1024\" height=\"1024\" src=\"https:\/\/dostumyemeski.birikiuc.net\/wp-content\/uploads\/2022\/05\/lab-portable.jpg\" class=\"attachment-large size-large\" alt=\"\" srcset=\"https:\/\/dostumyemeski.birikiuc.net\/wp-content\/uploads\/2022\/05\/lab-portable.jpg 1024w, https:\/\/dostumyemeski.birikiuc.net\/wp-content\/uploads\/2022\/05\/lab-portable-300x300.jpg 300w, https:\/\/dostumyemeski.birikiuc.net\/wp-content\/uploads\/2022\/05\/lab-portable-150x150.jpg 150w\" sizes=\"auto, (max-width: 1024px) 100vw, 1024px\" \/><\/div><\/div><\/div><\/div><div class=\"wpb_column vc_column_container\"><div class=\"vc_column-inner\"><div class=\"wpb_text_column us_custom_a511460d\"><div class=\"wpb_wrapper\"><h2><strong>H\u0131zl\u0131<\/strong><\/h2>\n<\/div><\/div><div class=\"wpb_text_column us_custom_a511460d\"><div class=\"wpb_wrapper\"><h1><strong><span style=\"color: #ff0000;\">Sonu\u00e7<\/span><\/strong><\/h1>\n<\/div><\/div><div class=\"w-separator us_custom_5c1af071 size_small with_line width_default thick_3 style_solid color_border align_center with_content\"><div class=\"w-separator-h\"><i class=\"fas fa-tachometer-fastest\"><\/i><\/div><\/div><div class=\"wpb_text_column us_custom_5aef54a0 has_text_color us_animate_this\"><div class=\"wpb_wrapper\"><p>Bunlar\u0131n yan\u0131 s\u0131ra Global firmalar ile i\u015f ortakl\u0131\u011f\u0131 yaparak NIR online sistemiz \u00fczerinden Masterlab hizmeti almaktay\u0131z. Masterlab ilgili hammaddelerin do\u011fru s\u0131n\u0131fland\u0131r\u0131lmas\u0131 ile olu\u015fturulan veri okutmalar\u0131n\u0131n ya\u015f kimya ile do\u011frulanmas\u0131 ile olu\u015fan kusursuz bir veri havuzudur.<\/p>\n<\/div><\/div><\/div><\/div><\/div><\/div><\/section><section class=\"l-section wpb_row height_small\"><div class=\"l-section-h i-cf\"><div class=\"g-cols vc_row via_grid cols_1 laptops-cols_inherit tablets-cols_inherit mobiles-cols_1 valign_top type_default\"><div class=\"wpb_column vc_column_container\"><div class=\"vc_column-inner\"><div class=\"wpb_text_column\"><div class=\"wpb_wrapper\"><h1 style=\"text-align: center;\"><strong>Dostum Yem Kalite Plan\u0131 Nedir?<\/strong><\/h1>\n<p style=\"text-align: center;\">\u00dcretimin her a\u015famas\u0131n\u0131 kontrol alt\u0131na alarak hata pay\u0131n\u0131 en aza indiriyor ve kalite standardizasyonunu\u00a0 sa\u011fl\u0131yoruz.<\/p>\n<\/div><\/div><div class=\"w-separator size_medium with_line width_default thick_2 style_solid color_text align_center with_content\"><div class=\"w-separator-h\"><i class=\"fas fa-flask\"><\/i><\/div><\/div><\/div><\/div><\/div><\/div><\/section><section class=\"l-section wpb_row height_small\"><div class=\"l-section-h i-cf\"><div class=\"g-cols vc_row via_grid cols_5 laptops-cols_inherit tablets-cols_inherit mobiles-cols_1 valign_top type_default\"><div class=\"wpb_column vc_column_container\"><div class=\"vc_column-inner\"><div class=\" uavc-icons-center uavc-icons \">\n<div class=\"aio-icon  \" data-animation=\"bounceIn\" data-animation-delay=\"03\" style=\"font-size:32px;margin-right:5px;\">\n\t<i class=\"Defaults-history\"><\/i>\n<\/div><\/div><div class=\"wpb_text_column\"><div class=\"wpb_wrapper\"><p style=\"text-align: center;\"><strong>Sat\u0131n alma s\u00fcrecinde hammadde numune analizi<\/strong><\/p>\n<\/div><\/div><\/div><\/div><div class=\"wpb_column vc_column_container\"><div class=\"vc_column-inner\"><div class=\" uavc-icons-center uavc-icons \">\n<div class=\"aio-icon  \" data-animation=\"bounceIn\" data-animation-delay=\"03\" style=\"font-size:32px;margin-right:5px;\">\n\t<i class=\"Defaults-clipboard paste\"><\/i>\n<\/div><\/div><div class=\"wpb_text_column\"><div class=\"wpb_wrapper\"><p style=\"text-align: center;\"><strong>Sat\u0131n almas\u0131 yap\u0131lan hammaddenin kabul a\u015famas\u0131nda ilgili Dostum Yem Girdi Kontrol Plan\u0131na uygun olarak kontrol<\/strong><\/p>\n<\/div><\/div><\/div><\/div><div class=\"wpb_column vc_column_container\"><div class=\"vc_column-inner\"><div class=\" uavc-icons-center uavc-icons \">\n<div class=\"aio-icon  \" data-animation=\"bounceIn\" data-animation-delay=\"03\" style=\"font-size:32px;margin-right:5px;\">\n\t<i class=\"Defaults-search\"><\/i>\n<\/div><\/div><div class=\"wpb_text_column\"><div class=\"wpb_wrapper\"><p style=\"text-align: center;\"><strong>Depolanan hammaddenin belli periyotlar ile kontrol\u00fcn\u00fc yapar<\/strong><\/p>\n<\/div><\/div><\/div><\/div><div class=\"wpb_column vc_column_container\"><div class=\"vc_column-inner\"><div class=\" uavc-icons-center uavc-icons \">\n<div class=\"aio-icon  \" data-animation=\"bounceIn\" data-animation-delay=\"03\" style=\"font-size:32px;margin-right:5px;\">\n\t<i class=\"Defaults-area-chart\"><\/i>\n<\/div><\/div><div class=\"wpb_text_column\"><div class=\"wpb_wrapper\"><p style=\"text-align: center;\"><strong>\u00dcretim a\u015famas\u0131nda proses i\u00e7inde yer alan kritik noktalarda ve final noktas\u0131nda Dostum Yem Mam\u00fcl Kalite Plan\u0131na uygun olarak kontrol yapar.<\/strong><\/p>\n<\/div><\/div><\/div><\/div><div class=\"wpb_column vc_column_container\"><div class=\"vc_column-inner\"><div class=\" uavc-icons-center uavc-icons \">\n<div class=\"aio-icon  \" data-animation=\"bounceIn\" data-animation-delay=\"03\" style=\"font-size:32px;margin-right:5px;\">\n\t<i class=\"Defaults-pie-chart\"><\/i>\n<\/div><\/div><div class=\"wpb_text_column\"><div class=\"wpb_wrapper\"><p style=\"text-align: center;\"><strong>Hizmet verdi\u011fimiz i\u015fletmelerin kaba yem, hammadde analizlerini yaparak i\u015fletmenin yapt\u0131\u011f\u0131 rasyona \u0131\u015f\u0131k tutar<\/strong><\/p>\n<\/div><\/div><\/div><\/div><\/div><\/div><\/section><section class=\"l-section wpb_row height_small\"><div class=\"l-section-h i-cf\"><div class=\"g-cols vc_row via_grid cols_1 laptops-cols_inherit tablets-cols_inherit mobiles-cols_1 valign_top type_default\"><div class=\"wpb_column vc_column_container\"><div class=\"vc_column-inner\"><div class=\"wpb_text_column us_custom_8b3d6790 has_text_color\"><div class=\"wpb_wrapper\"><blockquote>\n<h3 style=\"text-align: center;\"><em>\u00dcretim tesislerimiz Dostum Yem Kalite Plan\u0131nda tarif edildi\u011fi \u015fekli ile ortak numune \u00e7al\u0131\u015fmas\u0131 yaparak kendi sonu\u00e7lar\u0131n\u0131n resmi laboratuvarlar ile kar\u015f\u0131l\u0131kl\u0131 do\u011frulamas\u0131n\u0131 yapar.<\/em><\/h3>\n<\/blockquote>\n<\/div><\/div><\/div><\/div><\/div><\/div><\/section><!-- Row Backgrounds --><div class=\"upb_color\" data-bg-override=\"0\" data-bg-color=\"#41cc2e\" data-fadeout=\"\" data-fadeout-percentage=\"30\" data-parallax-content=\"\" data-parallax-content-sense=\"30\" data-row-effect-mobile-disable=\"true\" data-img-parallax-mobile-disable=\"true\" data-rtl=\"false\"  data-custom-vc-row=\"\"  data-vc=\"6.7.0\"  data-is_old_vc=\"\"  data-theme-support=\"\"   data-overlay=\"false\" data-overlay-color=\"\" data-overlay-pattern=\"\" data-overlay-pattern-opacity=\"\" data-overlay-pattern-size=\"\"    ><\/div>\n","protected":false},"excerpt":{"rendered":"KAL\u0130TE G\u00dcVENCE Deneyimli Personel Bal\u0131kesir ve Tire \u00fcretim tesislerimizde ilgili \u00dcniversitelerin Kimya, Kimya M\u00fchendisli\u011fi, Ziraat M\u00fchendisli\u011fi Veteriner Hekimli\u011fi\u00a0 b\u00f6l\u00fcmlerinden mezun sekt\u00f6rde deneyim sahibi personel\u00a0 istihdam edilmektedir. Teknik\u00a0 Altyap\u0131 ve Ekipman Kalite Kontrol Laboratuvarlar\u0131m\u0131z kurulum a\u015famas\u0131nda t\u00fcm ihtiyac\u0131 sa\u011flayacak teknik altyap\u0131 ve son teknolojik geli\u015fmeleri takip ederek tedarik etti\u011fimiz cihazlar ile donat\u0131lm\u0131\u015ft\u0131r. Her zaman referans y\u00f6ntem...","protected":false},"author":1,"featured_media":0,"parent":0,"menu_order":0,"comment_status":"closed","ping_status":"closed","template":"","meta":{"footnotes":""},"class_list":["post-8141","page","type-page","status-publish","hentry"],"_links":{"self":[{"href":"https:\/\/dostumyemeski.birikiuc.net\/index.php?rest_route=\/wp\/v2\/pages\/8141","targetHints":{"allow":["GET"]}}],"collection":[{"href":"https:\/\/dostumyemeski.birikiuc.net\/index.php?rest_route=\/wp\/v2\/pages"}],"about":[{"href":"https:\/\/dostumyemeski.birikiuc.net\/index.php?rest_route=\/wp\/v2\/types\/page"}],"author":[{"embeddable":true,"href":"https:\/\/dostumyemeski.birikiuc.net\/index.php?rest_route=\/wp\/v2\/users\/1"}],"replies":[{"embeddable":true,"href":"https:\/\/dostumyemeski.birikiuc.net\/index.php?rest_route=%2Fwp%2Fv2%2Fcomments&post=8141"}],"version-history":[{"count":61,"href":"https:\/\/dostumyemeski.birikiuc.net\/index.php?rest_route=\/wp\/v2\/pages\/8141\/revisions"}],"predecessor-version":[{"id":8937,"href":"https:\/\/dostumyemeski.birikiuc.net\/index.php?rest_route=\/wp\/v2\/pages\/8141\/revisions\/8937"}],"wp:attachment":[{"href":"https:\/\/dostumyemeski.birikiuc.net\/index.php?rest_route=%2Fwp%2Fv2%2Fmedia&parent=8141"}],"curies":[{"name":"wp","href":"https:\/\/api.w.org\/{rel}","templated":true}]}}