{"id":8134,"date":"2022-04-08T09:56:00","date_gmt":"2022-04-08T06:56:00","guid":{"rendered":"http:\/\/www.dostumyem.com.tr?page_id=8134"},"modified":"2022-06-08T16:10:00","modified_gmt":"2022-06-08T13:10:00","slug":"balikesir-fabrika","status":"publish","type":"page","link":"https:\/\/dostumyemeski.birikiuc.net\/?page_id=8134","title":{"rendered":"Bal\u0131kesir Fabrika"},"content":{"rendered":"<section class=\"l-section wpb_row height_small\"><div class=\"l-section-h i-cf\"><div class=\"g-cols vc_row via_grid cols_1 laptops-cols_inherit tablets-cols_inherit mobiles-cols_1 valign_top type_default\"><div class=\"wpb_column vc_column_container\"><div class=\"vc_column-inner\">\n\t\t\t<!-- START Slider 2 1 REVOLUTION SLIDER 6.5.5 --><p class=\"rs-p-wp-fix\"><\/p>\n\t\t\t<rs-module-wrap id=\"rev_slider_3_1_wrapper\" data-source=\"gallery\" style=\"visibility:hidden;background:transparent;padding:0;margin:0px auto;margin-top:0;margin-bottom:0;\">\n\t\t\t\t<rs-module id=\"rev_slider_3_1\" style=\"\" data-version=\"6.5.5\">\n\t\t\t\t\t<rs-slides>\n\t\t\t\t\t\t<rs-slide style=\"position: absolute;\" data-key=\"rs-17\" data-title=\"Slide\" data-thumb=\"\/\/dostumyem.com\/wp-content\/uploads\/2022\/05\/balfab-3.jpg\" data-in=\"o:0;\" data-out=\"a:false;\">\n\t\t\t\t\t\t\t<img loading=\"lazy\" decoding=\"async\" src=\"\/\/dostumyemeski.birikiuc.net\/wp-content\/plugins\/revslider\/public\/assets\/assets\/dummy.png\" title=\"balfab-3\" width=\"1240\" height=\"600\" class=\"rev-slidebg tp-rs-img rs-lazyload\" data-lazyload=\"\/\/dostumyem.com\/wp-content\/uploads\/2022\/05\/balfab-3.jpg\" data-no-retina>\n<!--\n\t\t\t\t\t\t\t--><rs-layer\n\t\t\t\t\t\t\t\tid=\"slider-3-slide-17-layer-8\" \n\t\t\t\t\t\t\t\tdata-type=\"image\"\n\t\t\t\t\t\t\t\tdata-rsp_ch=\"on\"\n\t\t\t\t\t\t\t\tdata-xy=\"x:11px;y:54px;\"\n\t\t\t\t\t\t\t\tdata-text=\"w:normal;\"\n\t\t\t\t\t\t\t\tdata-dim=\"w:733px;h:249px;\"\n\t\t\t\t\t\t\t\tdata-frame_0=\"sX:0.8;sY:0.8;\"\n\t\t\t\t\t\t\t\tdata-frame_1=\"e:power4.out;sp:1000;\"\n\t\t\t\t\t\t\t\tdata-frame_999=\"o:0;st:w;\"\n\t\t\t\t\t\t\t\tstyle=\"z-index:5;\"\n\t\t\t\t\t\t\t><img loading=\"lazy\" decoding=\"async\" src=\"\/\/dostumyemeski.birikiuc.net\/wp-content\/plugins\/revslider\/public\/assets\/assets\/dummy.png\" class=\"tp-rs-img rs-lazyload\" width=\"1129\" height=\"384\" data-lazyload=\"\/\/dostumyem.com\/wp-content\/uploads\/2022\/05\/ilkozel-01.png\" data-no-retina> \n\t\t\t\t\t\t\t<\/rs-layer><!--\n-->\t\t\t\t\t\t<\/rs-slide>\n\t\t\t\t\t\t<rs-slide style=\"position: absolute;\" data-key=\"rs-11\" data-title=\"Slide\" data-thumb=\"\/\/dostumyem.com\/wp-content\/uploads\/2022\/05\/balikesir-slider3.jpg\" data-in=\"o:0;\" data-out=\"a:false;\" data-mediafilter=\"perpetua\">\n\t\t\t\t\t\t\t<img loading=\"lazy\" decoding=\"async\" src=\"\/\/dostumyemeski.birikiuc.net\/wp-content\/plugins\/revslider\/public\/assets\/assets\/dummy.png\" title=\"balikesir-slider3\" width=\"1240\" height=\"900\" class=\"rev-slidebg tp-rs-img rs-lazyload\" data-lazyload=\"\/\/dostumyem.com\/wp-content\/uploads\/2022\/05\/balikesir-slider3.jpg\" data-bg=\"r:repeat;\" data-no-retina>\n<!--\n\t\t\t\t\t\t\t--><rs-layer\n\t\t\t\t\t\t\t\tid=\"slider-3-slide-11-layer-9\" \n\t\t\t\t\t\t\t\tdata-type=\"text\"\n\t\t\t\t\t\t\t\tdata-color=\"#c4004b\"\n\t\t\t\t\t\t\t\tdata-rsp_ch=\"on\"\n\t\t\t\t\t\t\t\tdata-xy=\"x:63px;y:41px;\"\n\t\t\t\t\t\t\t\tdata-text=\"w:normal;s:80;l:90;ls:-4;fw:800;\"\n\t\t\t\t\t\t\t\tdata-dim=\"minh:0px;\"\n\t\t\t\t\t\t\t\tdata-frame_0=\"rX:-70deg;oZ:-50;\"\n\t\t\t\t\t\t\t\tdata-frame_1=\"oZ:-50;e:power4.inOut;sp:1750;\"\n\t\t\t\t\t\t\t\tdata-frame_999=\"o:0;st:w;\"\n\t\t\t\t\t\t\t\tstyle=\"z-index:5;font-family:'Poppins';\"\n\t\t\t\t\t\t\t> 20 Bin Ton Hammadde <br \/>\nDepolama \n\t\t\t\t\t\t\t<\/rs-layer><!--\n-->\t\t\t\t\t\t<\/rs-slide>\n\t\t\t\t\t\t<rs-slide style=\"position: absolute;\" data-key=\"rs-12\" data-title=\"Slide\" data-thumb=\"\/\/dostumyem.com\/wp-content\/uploads\/2022\/05\/balikesir-slider2.jpg\" data-in=\"o:0;\" data-out=\"a:false;\">\n\t\t\t\t\t\t\t<img loading=\"lazy\" decoding=\"async\" src=\"\/\/dostumyemeski.birikiuc.net\/wp-content\/plugins\/revslider\/public\/assets\/assets\/dummy.png\" title=\"balikesir-slider2\" width=\"1240\" height=\"900\" class=\"rev-slidebg tp-rs-img rs-lazyload\" data-lazyload=\"\/\/dostumyem.com\/wp-content\/uploads\/2022\/05\/balikesir-slider2.jpg\" data-bg=\"p:0% 40%;\" data-no-retina>\n<!--\n\t\t\t\t\t\t\t--><rs-layer\n\t\t\t\t\t\t\t\tid=\"slider-3-slide-12-layer-3\" \n\t\t\t\t\t\t\t\tdata-type=\"object\"\n\t\t\t\t\t\t\t\tdata-rsp_ch=\"on\"\n\t\t\t\t\t\t\t\tdata-xy=\"x:50px;y:50px;\"\n\t\t\t\t\t\t\t\tdata-text=\"w:normal;\"\n\t\t\t\t\t\t\t\tdata-frame_999=\"o:0;st:w;sR:8700;\"\n\t\t\t\t\t\t\t\tstyle=\"z-index:12;font-family:'Roboto';\"\n\t\t\t\t\t\t\t> \n\t\t\t\t\t\t\t<\/rs-layer><!--\n\n\t\t\t\t\t\t\t--><rs-layer\n\t\t\t\t\t\t\t\tid=\"slider-3-slide-12-layer-10\" \n\t\t\t\t\t\t\t\tdata-type=\"text\"\n\t\t\t\t\t\t\t\tdata-color=\"#800000\"\n\t\t\t\t\t\t\t\tdata-rsp_ch=\"on\"\n\t\t\t\t\t\t\t\tdata-xy=\"x:634px;y:47px;\"\n\t\t\t\t\t\t\t\tdata-text=\"w:normal;s:80;l:90;ls:-4;fw:800;\"\n\t\t\t\t\t\t\t\tdata-dim=\"minh:0px;\"\n\t\t\t\t\t\t\t\tdata-frame_999=\"o:0;st:w;\"\n\t\t\t\t\t\t\t\tstyle=\"z-index:13;font-family:'Poppins';\"\n\t\t\t\t\t\t\t>Ayn\u0131 Anda 48 \u00c7e\u015fit \u00dcr\u00fcn \n\t\t\t\t\t\t\t<\/rs-layer><!--\n-->\t\t\t\t\t\t<\/rs-slide>\n\t\t\t\t\t\t<rs-slide style=\"position: absolute;\" data-key=\"rs-13\" data-title=\"Slide\" data-thumb=\"\/\/dostumyem.com\/wp-content\/uploads\/2022\/05\/balfab-2.jpg\" data-in=\"o:0;\" data-out=\"a:false;\" data-mediafilter=\"mayfair\">\n\t\t\t\t\t\t\t<img loading=\"lazy\" decoding=\"async\" src=\"\/\/dostumyemeski.birikiuc.net\/wp-content\/plugins\/revslider\/public\/assets\/assets\/dummy.png\" title=\"balfab-2\" width=\"1240\" height=\"600\" class=\"rev-slidebg tp-rs-img rs-lazyload\" data-lazyload=\"\/\/dostumyem.com\/wp-content\/uploads\/2022\/05\/balfab-2.jpg\" data-no-retina>\n<!--\n\t\t\t\t\t\t\t--><rs-layer\n\t\t\t\t\t\t\t\tid=\"slider-3-slide-13-layer-7\" \n\t\t\t\t\t\t\t\tdata-type=\"text\"\n\t\t\t\t\t\t\t\tdata-color=\"#fff\"\n\t\t\t\t\t\t\t\tdata-rsp_ch=\"on\"\n\t\t\t\t\t\t\t\tdata-xy=\"x:725px;y:343px;\"\n\t\t\t\t\t\t\t\tdata-text=\"w:normal;s:66;l:74;ls:-3;fw:800;\"\n\t\t\t\t\t\t\t\tdata-dim=\"w:482px;h:230px;minh:0;\"\n\t\t\t\t\t\t\t\tdata-frame_0=\"rX:70deg;oZ:-50;\"\n\t\t\t\t\t\t\t\tdata-frame_1=\"oZ:-50;e:power4.inOut;sp:1750;\"\n\t\t\t\t\t\t\t\tdata-frame_999=\"o:0;st:w;\"\n\t\t\t\t\t\t\t\tstyle=\"z-index:5;font-family:'Poppins';\"\n\t\t\t\t\t\t\t>1250 Ton\/G\u00fcn Yem Y\u00fckleme Kapasitesi \n\t\t\t\t\t\t\t<\/rs-layer><!--\n-->\t\t\t\t\t\t<\/rs-slide>\n\t\t\t\t\t<\/rs-slides>\n\t\t\t\t<\/rs-module>\n\t\t\t\t<script type=\"text\/javascript\">\n\t\t\t\t\tsetREVStartSize({c: 'rev_slider_3_1',rl:[1240,1024,778,480],el:[600],gw:[1240],gh:[600],type:'standard',justify:'',layout:'fullwidth',mh:\"0\"});if (window.RS_MODULES!==undefined && window.RS_MODULES.modules!==undefined && window.RS_MODULES.modules[\"revslider31\"]!==undefined) {window.RS_MODULES.modules[\"revslider31\"].once = false;window.revapi3 = undefined;window.RS_MODULES.checkMinimal()}\n\t\t\t\t<\/script>\n\t\t\t<\/rs-module-wrap>\n\t\t\t<!-- END REVOLUTION SLIDER -->\n<\/div><\/div><\/div><\/div><\/section><section class=\"l-section wpb_row height_small color_alternate\" id=\"intro\"><div class=\"l-section-h i-cf\"><div class=\"g-cols vc_row via_grid cols_1 laptops-cols_inherit tablets-cols_inherit mobiles-cols_1 valign_top type_default\"><div class=\"wpb_column vc_column_container\"><div class=\"vc_column-inner\"><div class=\"w-image align_center\"><div class=\"w-image-h\"><img loading=\"lazy\" decoding=\"async\" width=\"300\" height=\"102\" src=\"https:\/\/dostumyemeski.birikiuc.net\/wp-content\/uploads\/2022\/06\/balikesir_fabrika-300x102.png\" class=\"attachment-medium size-medium\" alt=\"\" srcset=\"https:\/\/dostumyemeski.birikiuc.net\/wp-content\/uploads\/2022\/06\/balikesir_fabrika-300x102.png 300w, https:\/\/dostumyemeski.birikiuc.net\/wp-content\/uploads\/2022\/06\/balikesir_fabrika-1024x348.png 1024w, https:\/\/dostumyemeski.birikiuc.net\/wp-content\/uploads\/2022\/06\/balikesir_fabrika.png 1129w\" sizes=\"auto, (max-width: 300px) 100vw, 300px\" \/><\/div><\/div><div class=\"w-separator size_medium with_line width_default thick_1 style_solid color_border align_center with_content\"><div class=\"w-separator-h\"><i class=\"fas fa-chevron-down\"><\/i><\/div><\/div><div class=\"g-cols wpb_row via_grid cols_1 laptops-cols_inherit tablets-cols_inherit mobiles-cols_1 valign_top type_default\"><div class=\"wpb_column vc_column_container\"><div class=\"vc_column-inner\"><div class=\"wpb_text_column\"><div class=\"wpb_wrapper\"><p style=\"text-align: center;\">1968 y\u0131l\u0131nda 2 ton\/saat toz yem \u00fcretim kapasitesi ile kurulan tesisimiz yap\u0131lan revizyonlar ile 55 ton \/ saat toz ve pelet yem \u00fcretim kapasiteye ula\u015fm\u0131\u015ft\u0131r. Tesisimiz 35.000 m\u00b2 arazi \u00fczerinde 10.500 m2 kapal\u0131 alanda faaliyet g\u00f6stermektedir. Yatayda 20.000 ton hammadde depolama kapasitesine sahip olan tesisimizde 1200 ton yem 48 ayr\u0131 \u00e7e\u015fit \u00fcr\u00fcn halinde depolanabilmektedir. Yem y\u00fckleme kapasitesi olarak 1000 ton\/g\u00fcn ile sevkiyat yap\u0131lmaktad\u0131r. \u00dcretimin her safhas\u0131nda \u00fcr\u00fcn kontrolleri yap\u0131larak ve insan hatas\u0131n\u0131 en aza indirmek amac\u0131 ile \u00fcretim el de\u011fmeden otomasyon PLC sistemi ile ger\u00e7ekle\u015ftirilmektedir. Bu sayede izlenebilirlik sa\u011flanm\u0131\u015f olup \u00fcretim her a\u015famas\u0131 kaydedilmekte ve raporlanabilmektedir.<\/p>\n<p style=\"text-align: center;\">Hammadde al\u0131m \u00fcnitesi olarak 3 adet sistem mevcuttur. Bu hammadde al\u0131m sistemleri hammadde formuna g\u00f6re \u00f6zelle\u015ftirilmi\u015ftir.<\/p>\n<p style=\"text-align: center;\">Yem y\u00fckleme faaliyeti 4 adet \u00e7ift kefeli ve 1 adet tek kefeli torbalama kantarlar\u0131 ile 4 adet teleskobik bant ve 2 adet d\u00f6kme yem hatt\u0131yla ger\u00e7ekle\u015ftirilmektedir. Ara\u00e7 yana\u015fmalar\u0131n\u0131 ve bant de\u011fi\u015ftirme s\u00fcrelerini en aza indirmek i\u00e7in y\u00fckleme bantlar\u0131m\u0131z birbiri aras\u0131nda \u00e7uval transferi yapabilmektedir.<\/p>\n<\/div><\/div><div class=\"w-image align_center\"><div class=\"w-image-h\"><img loading=\"lazy\" decoding=\"async\" width=\"1024\" height=\"348\" src=\"https:\/\/dostumyemeski.birikiuc.net\/wp-content\/uploads\/2022\/05\/ilkozel-01-1024x348.png\" class=\"attachment-large size-large\" alt=\"\" srcset=\"https:\/\/dostumyemeski.birikiuc.net\/wp-content\/uploads\/2022\/05\/ilkozel-01-1024x348.png 1024w, https:\/\/dostumyemeski.birikiuc.net\/wp-content\/uploads\/2022\/05\/ilkozel-01-300x102.png 300w, https:\/\/dostumyemeski.birikiuc.net\/wp-content\/uploads\/2022\/05\/ilkozel-01.png 1129w\" sizes=\"auto, (max-width: 1024px) 100vw, 1024px\" \/><\/div><\/div><\/div><\/div><\/div><\/div><\/div><\/div><\/div><\/section><section class=\"l-section wpb_row height_small\" id=\"first\"><div class=\"l-section-h i-cf\"><div class=\"g-cols vc_row via_grid cols_1 laptops-cols_inherit tablets-cols_inherit mobiles-cols_1 valign_top type_default\"><div class=\"wpb_column vc_column_container\"><div class=\"vc_column-inner\"><div class=\"w-image align_center\"><div class=\"w-image-h\"><img loading=\"lazy\" decoding=\"async\" width=\"1024\" height=\"152\" src=\"https:\/\/dostumyemeski.birikiuc.net\/wp-content\/uploads\/2022\/06\/slogan-1024x152.png\" class=\"attachment-large size-large\" alt=\"\" srcset=\"https:\/\/dostumyemeski.birikiuc.net\/wp-content\/uploads\/2022\/06\/slogan-1024x152.png 1024w, https:\/\/dostumyemeski.birikiuc.net\/wp-content\/uploads\/2022\/06\/slogan-300x44.png 300w\" sizes=\"auto, (max-width: 1024px) 100vw, 1024px\" \/><\/div><\/div><\/div><\/div><\/div><\/div><\/section><!-- Row Backgrounds --><div class=\"upb_color\" data-bg-override=\"0\" data-bg-color=\"#11cc00\" data-fadeout=\"\" data-fadeout-percentage=\"30\" data-parallax-content=\"\" data-parallax-content-sense=\"30\" data-row-effect-mobile-disable=\"true\" data-img-parallax-mobile-disable=\"true\" data-rtl=\"false\"  data-custom-vc-row=\"\"  data-vc=\"6.7.0\"  data-is_old_vc=\"\"  data-theme-support=\"\"   data-overlay=\"false\" data-overlay-color=\"\" data-overlay-pattern=\"\" data-overlay-pattern-opacity=\"\" data-overlay-pattern-size=\"\"    ><\/div>\n","protected":false},"excerpt":{"rendered":"20 Bin Ton Hammadde Depolama Ayn\u0131 Anda 48 \u00c7e\u015fit \u00dcr\u00fcn 1250 Ton\/G\u00fcn Yem Y\u00fckleme Kapasitesi 1968 y\u0131l\u0131nda 2 ton\/saat toz yem \u00fcretim kapasitesi ile kurulan tesisimiz yap\u0131lan revizyonlar ile 55 ton \/ saat toz ve pelet yem \u00fcretim kapasiteye ula\u015fm\u0131\u015ft\u0131r. Tesisimiz 35.000 m\u00b2 arazi \u00fczerinde 10.500 m2 kapal\u0131 alanda faaliyet g\u00f6stermektedir. Yatayda 20.000 ton hammadde...","protected":false},"author":1,"featured_media":0,"parent":0,"menu_order":0,"comment_status":"closed","ping_status":"closed","template":"","meta":{"footnotes":""},"class_list":["post-8134","page","type-page","status-publish","hentry"],"_links":{"self":[{"href":"https:\/\/dostumyemeski.birikiuc.net\/index.php?rest_route=\/wp\/v2\/pages\/8134","targetHints":{"allow":["GET"]}}],"collection":[{"href":"https:\/\/dostumyemeski.birikiuc.net\/index.php?rest_route=\/wp\/v2\/pages"}],"about":[{"href":"https:\/\/dostumyemeski.birikiuc.net\/index.php?rest_route=\/wp\/v2\/types\/page"}],"author":[{"embeddable":true,"href":"https:\/\/dostumyemeski.birikiuc.net\/index.php?rest_route=\/wp\/v2\/users\/1"}],"replies":[{"embeddable":true,"href":"https:\/\/dostumyemeski.birikiuc.net\/index.php?rest_route=%2Fwp%2Fv2%2Fcomments&post=8134"}],"version-history":[{"count":9,"href":"https:\/\/dostumyemeski.birikiuc.net\/index.php?rest_route=\/wp\/v2\/pages\/8134\/revisions"}],"predecessor-version":[{"id":8925,"href":"https:\/\/dostumyemeski.birikiuc.net\/index.php?rest_route=\/wp\/v2\/pages\/8134\/revisions\/8925"}],"wp:attachment":[{"href":"https:\/\/dostumyemeski.birikiuc.net\/index.php?rest_route=%2Fwp%2Fv2%2Fmedia&parent=8134"}],"curies":[{"name":"wp","href":"https:\/\/api.w.org\/{rel}","templated":true}]}}