{"id":3549,"date":"2015-04-08T15:40:23","date_gmt":"2015-04-08T15:40:23","guid":{"rendered":"http:\/\/impreza.us-themes.net\/?page_id=3549"},"modified":"2022-06-08T16:13:37","modified_gmt":"2022-06-08T13:13:37","slug":"balyem-2-2","status":"publish","type":"page","link":"https:\/\/dostumyemeski.birikiuc.net\/?page_id=3549","title":{"rendered":"Dostum Yem"},"content":{"rendered":"<section class=\"l-section wpb_row us_custom_9bcfdade height_medium full_height valign_center color_footer-bottom with_img parallax_ver with_shape\"><div class=\"l-section-img\" style=\"background-image: url(https:\/\/dostumyemeski.birikiuc.net\/wp-content\/uploads\/2022\/05\/web.jpg);\" data-img-width=\"1848\" data-img-height=\"1232\"><\/div><div class=\"l-section-shape type_custom pos_top\"><svg xmlns=\"http:\/\/www.w3.org\/2000\/svg\" viewBox=\"0 0 64 8\" preserveAspectRatio=\"none\" width=\"100%\" height=\"100%\">\r\n\t<path fill=\"currentColor\" d=\"M64 8 L0 8 L0 0 L64 0 Z\"\/>\r\n<\/svg><\/div><div class=\"l-section-h i-cf\"><div class=\"g-cols vc_row via_grid cols_1 laptops-cols_inherit tablets-cols_inherit mobiles-cols_1 valign_top type_default\"><div class=\"wpb_column vc_column_container\"><div class=\"vc_column-inner\"><div class=\"w-iconbox iconpos_top style_default color_custom align_center no_title no_text\"><div class=\"w-iconbox-icon\" style=\"font-size:100px;color:rgba(255,255,255,0.35);\"><i class=\"far fa-send\"><\/i><\/div><div class=\"w-iconbox-meta\"><\/div><\/div><div class=\"w-separator size_small\"><\/div><h2 class=\"w-text us_custom_fd87487f has_text_color us_animate_this\"><span class=\"w-text-h\"><span class=\"w-text-value\">Hayat amac\u0131m\u0131z;,<br \/>\n\u00dclke hayvanc\u0131l\u0131\u011f\u0131n\u0131 daha verimli hale getirmek i\u00e7in yenilik\u00e7i ve \u00e7\u00f6z\u00fcm odakl\u0131 \u00e7al\u0131\u015f\u0131yoruz.<\/span><\/span><\/h2><div class=\"w-iconbox iconpos_top style_circle color_custom align_center no_title no_text\"><a href=\"#second\" class=\"w-iconbox-link\" aria-label=\"far|chevron-down\"><div class=\"w-iconbox-icon\" style=\"font-size:1.4rem;background:#ffffff;color:#1a1a1a;\"><i class=\"far fa-chevron-down\"><\/i><\/div><\/a><div class=\"w-iconbox-meta\"><\/div><\/div><\/div><\/div><\/div><\/div><\/section><section class=\"l-section wpb_row height_medium full_height valign_center color_alternate\" id=\"second\"><div class=\"l-section-h i-cf\"><div class=\"g-cols vc_row via_grid cols_1 laptops-cols_inherit tablets-cols_inherit mobiles-cols_1 valign_top type_default\"><div class=\"wpb_column vc_column_container\"><div class=\"vc_column-inner\"><div class=\"wpb_text_column\"><div class=\"wpb_wrapper\"><h2 style=\"text-align: center;\">Y\u00f6n Veren<strong> Misyonumuz<\/strong><\/h2>\n<\/div><\/div><div class=\"w-separator size_large with_line width_30 thick_1 style_solid color_border align_center with_content\"><div class=\"w-separator-h\"><i class=\"far fa-heart\"><\/i><\/div><\/div><div class=\"wpb_text_column\"><div class=\"wpb_wrapper\"><div class=\"wpb_text_column\">\n<div class=\"wpb_wrapper\">\n<p style=\"text-align: center;\"><em>YIRCALI ailesinin \u00f6nderli\u011finde kurulan Dostum Yem, T\u00fcrkiye\u2019nin kurulan ilk yem fabrikalar\u0131ndan biridir. Dostum Yem, T\u00fcrkiye\u2019de modern ve ekonomik hayvanc\u0131l\u0131\u011f\u0131n geli\u015fmesine her zaman destek olmu\u015f ve bu y\u00f6nde her t\u00fcrl\u00fc yat\u0131r\u0131m\u0131 zaman\u0131nda yapm\u0131\u015ft\u0131r. Bal\u0131kesir\u2019in \u00fclkemizde hayvanc\u0131l\u0131k sekt\u00f6r\u00fcnde \u00f6ne \u00e7\u0131kan illerinden biri olmas\u0131nda, Dostum Yem\u2019in katk\u0131lar\u0131 b\u00fcy\u00fckt\u00fcr.<\/em><\/p>\n<\/div>\n<\/div>\n<div class=\"wpb_text_column\">\n<div class=\"wpb_wrapper\">\n<p style=\"text-align: center;\"><em><strong>Hayat amac\u0131m\u0131z;<\/strong><\/em><\/p>\n<p style=\"text-align: center;\"><strong><em>\u00dclke hayvanc\u0131l\u0131\u011f\u0131n\u0131 daha verimli hale getirmek i\u00e7in yenilik\u00e7i ve \u00e7\u00f6z\u00fcm odakl\u0131 \u00e7al\u0131\u015f\u0131yoruz.<\/em><\/strong><\/p>\n<\/div>\n<\/div>\n<\/div><\/div><div class=\"w-separator size_large\"><\/div><div class=\"w-btn-wrapper align_center\"><a class=\"w-btn us-btn-style_1\" href=\"#third\"><span class=\"w-btn-label\">Nas\u0131l m\u0131?<\/span><\/a><\/div><\/div><\/div><\/div><\/div><\/section><section class=\"l-section wpb_row height_medium full_height valign_center\" id=\"third\"><div class=\"l-section-h i-cf\"><div class=\"g-cols vc_row via_grid cols_1 laptops-cols_inherit tablets-cols_inherit mobiles-cols_1 valign_top type_default\"><div class=\"wpb_column vc_column_container align_center\"><div class=\"vc_column-inner\"><div class=\"wpb_text_column\"><div class=\"wpb_wrapper\"><h2 style=\"text-align: center;\">Yeti\u015ftiricilerimizin \u0130htiya\u00e7lar\u0131n\u0131<strong> \u00d6nemsiyoruz<\/strong><\/h2>\n<\/div><\/div><div class=\"w-separator size_medium\"><\/div><div class=\"g-cols wpb_row via_grid cols_2 laptops-cols_inherit tablets-cols_inherit mobiles-cols_1 valign_top type_default\"><div class=\"wpb_column vc_column_container\"><div class=\"vc_column-inner\"><div class=\"w-image align_center\"><div class=\"w-image-h\"><img loading=\"lazy\" decoding=\"async\" width=\"1024\" height=\"1024\" src=\"https:\/\/dostumyemeski.birikiuc.net\/wp-content\/uploads\/2022\/05\/tire-1024.jpg\" class=\"attachment-large size-large\" alt=\"\" srcset=\"https:\/\/dostumyemeski.birikiuc.net\/wp-content\/uploads\/2022\/05\/tire-1024.jpg 1024w, https:\/\/dostumyemeski.birikiuc.net\/wp-content\/uploads\/2022\/05\/tire-1024-300x300.jpg 300w, https:\/\/dostumyemeski.birikiuc.net\/wp-content\/uploads\/2022\/05\/tire-1024-150x150.jpg 150w\" sizes=\"auto, (max-width: 1024px) 100vw, 1024px\" \/><\/div><\/div><div class=\"wpb_text_column\"><div class=\"wpb_wrapper\"><h3 style=\"text-align: center;\"><strong>Dev <\/strong>Yat\u0131r\u0131mlarla<\/h3>\n<\/div><\/div><\/div><\/div><div class=\"wpb_column vc_column_container\"><div class=\"vc_column-inner\"><div class=\"w-image align_center\"><div class=\"w-image-h\"><img loading=\"lazy\" decoding=\"async\" width=\"1024\" height=\"1024\" src=\"https:\/\/dostumyemeski.birikiuc.net\/wp-content\/uploads\/2022\/05\/ozel_urun.jpg\" class=\"attachment-large size-large\" alt=\"\" srcset=\"https:\/\/dostumyemeski.birikiuc.net\/wp-content\/uploads\/2022\/05\/ozel_urun.jpg 1024w, https:\/\/dostumyemeski.birikiuc.net\/wp-content\/uploads\/2022\/05\/ozel_urun-300x300.jpg 300w, https:\/\/dostumyemeski.birikiuc.net\/wp-content\/uploads\/2022\/05\/ozel_urun-150x150.jpg 150w\" sizes=\"auto, (max-width: 1024px) 100vw, 1024px\" \/><\/div><\/div><div class=\"wpb_text_column\"><div class=\"wpb_wrapper\"><h3 style=\"text-align: center;\">\u0130htiyac\u0131n\u0131z Olan <strong>\u00d6zel \u00dcr\u00fcnlerimizle<\/strong><\/h3>\n<\/div><\/div><\/div><\/div><\/div><div class=\"w-separator size_medium\"><\/div><div class=\"w-btn-wrapper align_none\"><a class=\"w-btn us-btn-style_1\" href=\"#fourth\"><span class=\"w-btn-label\">Dahas\u0131..?<\/span><\/a><\/div><\/div><\/div><\/div><\/div><\/section><section class=\"l-section wpb_row height_medium full_height valign_center color_primary with_img parallax_ver parallaxdir_reversed\" id=\"fourth\"><div class=\"l-section-img\" style=\"background-image: url(https:\/\/dostumyemeski.birikiuc.net\/wp-content\/uploads\/2022\/05\/argbag.jpg);\" data-img-width=\"1800\" data-img-height=\"1200\"><\/div><div class=\"l-section-overlay\" style=\"background:rgba(30,30,30,0.75)\"><\/div><div class=\"l-section-h i-cf\"><div class=\"g-cols vc_row via_grid cols_1 laptops-cols_inherit tablets-cols_inherit mobiles-cols_1 valign_top type_default\"><div class=\"wpb_column vc_column_container align_center\"><div class=\"vc_column-inner\"><div class=\"wpb_text_column\"><div class=\"wpb_wrapper\"><h2 style=\"text-align: center;\"><strong>Sekt\u00f6r\u00fcn \u0130lk Ar-Ge Merkezimiz \u0130le<\/strong><\/h2>\n<p style=\"text-align: center;\">Y\u0131llard\u0131r azim ve titizlikle yapt\u0131\u011f\u0131m\u0131z \u00e7al\u0131\u015fmalar\u0131 2017 y\u0131l\u0131nda T\u00fcrkiye Cumhuriyeti Sanayi ve Teknoloji Bakanl\u0131\u011f\u0131&#8217;n\u0131n onay\u0131 ile sekt\u00f6r\u00fcn ilk Ar-Ge Merkezi \u00fcnvan\u0131na sahip firma olduk.<\/p>\n<\/div><\/div><div class=\"w-separator size_large\"><\/div><div class=\"g-cols wpb_row via_grid cols_4 laptops-cols_inherit tablets-cols_inherit mobiles-cols_1 valign_top type_default\"><div class=\"wpb_column vc_column_container\"><div class=\"vc_column-inner\"><div class=\"w-iconbox iconpos_top style_circle color_primary align_center\"><a href=\"#fifth\" class=\"w-iconbox-link\" aria-label=\"Projeler\"><div class=\"w-iconbox-icon\"><i class=\"far fa-edit\"><\/i><\/div><\/a><div class=\"w-iconbox-meta\"><a href=\"#fifth\" class=\"w-iconbox-link\" aria-label=\"Projeler\"><h4 class=\"w-iconbox-title\">Projeler<\/h4><\/a><div class=\"w-iconbox-text\"><p style=\"text-align: center;\">Yeti\u015ftiricilerinin ihtiyac\u0131na y\u00f6nelik 10&#8217;dan fazla \u00fcr\u00fcn ve proje Bakanl\u0131k taraf\u0131ndan onayland\u0131.<\/p>\n<\/div><\/div><\/div><\/div><\/div><div class=\"wpb_column vc_column_container\"><div class=\"vc_column-inner\"><div class=\"w-iconbox iconpos_top style_circle color_primary align_center\"><a href=\"#fifth\" class=\"w-iconbox-link\" aria-label=\"Kimya Laboratuvar\u0131\"><div class=\"w-iconbox-icon\"><i class=\"far fa-flask\"><\/i><\/div><\/a><div class=\"w-iconbox-meta\"><a href=\"#fifth\" class=\"w-iconbox-link\" aria-label=\"Kimya Laboratuvar\u0131\"><h4 class=\"w-iconbox-title\">Kimya Laboratuvar\u0131<\/h4><\/a><div class=\"w-iconbox-text\"><p style=\"text-align: center;\">Alan\u0131nda uzman personel ve son teknoloji cihazlar\u0131 ile \u00fcretimin t\u00fcm a\u015famalar\u0131n\u0131 takip ederek s\u00fcrd\u00fcr\u00fclebilirli\u011fi kontrol at\u0131na al\u0131r.<\/p>\n<\/div><\/div><\/div><\/div><\/div><div class=\"wpb_column vc_column_container\"><div class=\"vc_column-inner\"><div class=\"w-iconbox iconpos_top style_circle color_primary align_center\"><a href=\"#fifth\" class=\"w-iconbox-link\" aria-label=\"Personel\"><div class=\"w-iconbox-icon\"><i class=\"far fa-people-arrows\"><\/i><\/div><\/a><div class=\"w-iconbox-meta\"><a href=\"#fifth\" class=\"w-iconbox-link\" aria-label=\"Personel\"><h4 class=\"w-iconbox-title\">Personel<\/h4><\/a><div class=\"w-iconbox-text\"><p style=\"text-align: center;\">Yeti\u015ftiricilerimizden gelen sorunlar\u0131 mercek alt\u0131na alarak \u00e7\u00f6z\u00fcm \u00fcreten, sadece sekt\u00f6r\u00fcn ihtiya\u00e7lar\u0131na y\u00f6nelmi\u015f personele sahiptir.<\/p>\n<\/div><\/div><\/div><\/div><\/div><div class=\"wpb_column vc_column_container\"><div class=\"vc_column-inner\"><div class=\"w-iconbox iconpos_top style_circle color_primary align_center\"><a href=\"#fifth\" class=\"w-iconbox-link\" aria-label=\"Teknolojik Altyap\u0131\"><div class=\"w-iconbox-icon\"><i class=\"far fa-desktop\"><\/i><\/div><\/a><div class=\"w-iconbox-meta\"><a href=\"#fifth\" class=\"w-iconbox-link\" aria-label=\"Teknolojik Altyap\u0131\"><h4 class=\"w-iconbox-title\">Teknolojik Altyap\u0131<\/h4><\/a><div class=\"w-iconbox-text\"><p style=\"text-align: center;\">Sahip oldu\u011fu teknolojik alt yap\u0131s\u0131 ile bayi a\u011f\u0131n\u0131n anl\u0131k sipari\u015f takip, y\u00f6netimsel ve finansal s\u00fcre\u00e7lerini en g\u00fcvenli \u015fekilde sa\u011flar.<\/p>\n<\/div><\/div><\/div><\/div><\/div><\/div><\/div><\/div><\/div><\/div><\/section><section class=\"l-section wpb_row height_medium full_height valign_center color_primary\" id=\"fifth\"><div class=\"l-section-h i-cf\"><div class=\"g-cols vc_row via_grid cols_1 laptops-cols_inherit tablets-cols_inherit mobiles-cols_1 valign_top type_default\"><div class=\"wpb_column vc_column_container align_center\"><div class=\"vc_column-inner\"><div class=\"w-iconbox iconpos_top style_default color_custom align_center no_title no_text\"><div class=\"w-iconbox-icon\" style=\"font-size:100px;color:rgba(255,255,255,0.35);\"><i class=\"far fa-heart\"><\/i><\/div><div class=\"w-iconbox-meta\"><\/div><\/div><div class=\"w-separator size_small\"><\/div><div class=\"wpb_text_column\"><div class=\"wpb_wrapper\"><p style=\"text-align: center;\"><em>Yeti\u015ftiricinin ihtiyac\u0131 olan \u00fcr\u00fcn \u00e7e\u015fitlili\u011fi, kalite ve bilgi a\u00e7\u0131\u011f\u0131n\u0131 her zaman b\u00fcnyesinde bulundurdu\u011fu teknik personelleri ve dan\u0131\u015fmanlar\u0131 yoluyla yeti\u015ftiricisine sunan Dostum Yem, bu y\u00f6nde yapt\u0131\u011f\u0131 yat\u0131r\u0131mlarla y\u0131llard\u0131r sekt\u00f6r\u00fcne y\u00f6n veren bir kurulu\u015f olmu\u015ftur.<\/em><br \/>\n<em>Profesyonel bir y\u00f6netim anlay\u0131\u015f\u0131yla \u00e7al\u0131\u015fan Dostum Yem, sekt\u00f6r\u00fcnde bir\u00e7ok ilke imza atma ba\u015far\u0131s\u0131n\u0131 g\u00f6stermi\u015ftir. Dostum Yem, 2002 y\u0131l\u0131nda karma yem \u00fcretiminde TSE ISO 9001-2000 kalite sistem belgesini alan ilk firma olmu\u015ftur.<\/em><\/p>\n<h3 style=\"text-align: center;\"><em><strong>Gelecek hayalimiz;<\/strong><\/em><\/h3>\n<h3 style=\"text-align: center;\"><strong><em>Sekt\u00f6rdeki yenilik\u00e7i ve hizmet odakl\u0131 \u00e7al\u0131\u015fma sistemimizi \u00fclke geneline yaymakt\u0131r.<\/em><\/strong><\/h3>\n<\/div><\/div><div class=\"w-separator size_medium\"><\/div><\/div><\/div><\/div><\/div><\/section>\n","protected":false},"excerpt":{"rendered":"Hayat amac\u0131m\u0131z;, \u00dclke hayvanc\u0131l\u0131\u011f\u0131n\u0131 daha verimli hale getirmek i\u00e7in yenilik\u00e7i ve \u00e7\u00f6z\u00fcm odakl\u0131 \u00e7al\u0131\u015f\u0131yoruz.Y\u00f6n Veren Misyonumuz YIRCALI ailesinin \u00f6nderli\u011finde kurulan Dostum Yem, T\u00fcrkiye\u2019nin kurulan ilk yem fabrikalar\u0131ndan biridir. Dostum Yem, T\u00fcrkiye\u2019de modern ve ekonomik hayvanc\u0131l\u0131\u011f\u0131n geli\u015fmesine her zaman destek olmu\u015f ve bu y\u00f6nde her t\u00fcrl\u00fc yat\u0131r\u0131m\u0131 zaman\u0131nda yapm\u0131\u015ft\u0131r. Bal\u0131kesir\u2019in \u00fclkemizde hayvanc\u0131l\u0131k sekt\u00f6r\u00fcnde \u00f6ne \u00e7\u0131kan illerinden...","protected":false},"author":1,"featured_media":0,"parent":0,"menu_order":0,"comment_status":"closed","ping_status":"closed","template":"","meta":{"footnotes":""},"class_list":["post-3549","page","type-page","status-publish","hentry"],"_links":{"self":[{"href":"https:\/\/dostumyemeski.birikiuc.net\/index.php?rest_route=\/wp\/v2\/pages\/3549","targetHints":{"allow":["GET"]}}],"collection":[{"href":"https:\/\/dostumyemeski.birikiuc.net\/index.php?rest_route=\/wp\/v2\/pages"}],"about":[{"href":"https:\/\/dostumyemeski.birikiuc.net\/index.php?rest_route=\/wp\/v2\/types\/page"}],"author":[{"embeddable":true,"href":"https:\/\/dostumyemeski.birikiuc.net\/index.php?rest_route=\/wp\/v2\/users\/1"}],"replies":[{"embeddable":true,"href":"https:\/\/dostumyemeski.birikiuc.net\/index.php?rest_route=%2Fwp%2Fv2%2Fcomments&post=3549"}],"version-history":[{"count":35,"href":"https:\/\/dostumyemeski.birikiuc.net\/index.php?rest_route=\/wp\/v2\/pages\/3549\/revisions"}],"predecessor-version":[{"id":8927,"href":"https:\/\/dostumyemeski.birikiuc.net\/index.php?rest_route=\/wp\/v2\/pages\/3549\/revisions\/8927"}],"wp:attachment":[{"href":"https:\/\/dostumyemeski.birikiuc.net\/index.php?rest_route=%2Fwp%2Fv2%2Fmedia&parent=3549"}],"curies":[{"name":"wp","href":"https:\/\/api.w.org\/{rel}","templated":true}]}}